{"id":69,"date":"2020-11-12T11:01:05","date_gmt":"2020-11-12T11:01:05","guid":{"rendered":"https:\/\/immunence.com\/es\/?page_id=69"},"modified":"2020-12-11T07:49:00","modified_gmt":"2020-12-11T06:49:00","slug":"las-opiniones-de-nuestros-clientes","status":"publish","type":"page","link":"https:\/\/immunence.com\/es\/las-opiniones-de-nuestros-clientes\/","title":{"rendered":"Las opiniones de nuestros clientes"},"content":{"rendered":"\n[et_pb_section fb_built=&#8221;1&#8243; _builder_version=&#8221;4.4.1&#8243;][et_pb_row admin_label=&#8221;Section Header Row&#8221; _builder_version=&#8221;3.25&#8243; custom_padding=&#8221;0px|0px|27px|0px&#8221;][et_pb_column type=&#8221;4_4&#8243; _builder_version=&#8221;3.25&#8243; custom_padding=&#8221;|||&#8221; custom_padding__hover=&#8221;|||&#8221;][et_pb_text admin_label=&#8221;Tittle &#038; Paragraph&#8221; _builder_version=&#8221;4.7.0&#8243; text_font=&#8221;Open Sans|600|||||||&#8221; text_font_size=&#8221;16px&#8221; text_line_height=&#8221;1.8em&#8221; link_font=&#8221;||||||||&#8221; ul_font=&#8221;||||||||&#8221; ol_font=&#8221;||||||||&#8221; quote_font=&#8221;||||||||&#8221; header_font=&#8221;Oswald|500|||||||&#8221; header_font_size=&#8221;60px&#8221; header_2_font=&#8221;Oswald|500||on|||||&#8221; header_2_font_size=&#8221;45px&#8221; header_2_letter_spacing=&#8221;3px&#8221; header_2_line_height=&#8221;1.2em&#8221; text_orientation=&#8221;center&#8221; max_width=&#8221;700px&#8221; module_alignment=&#8221;center&#8221; custom_margin=&#8221;40px|||&#8221; custom_margin_tablet=&#8221;0px|||&#8221; custom_margin_phone=&#8221;|||&#8221; custom_margin_last_edited=&#8221;on|phone&#8221; header_font_size_tablet=&#8221;50px&#8221; header_font_size_phone=&#8221;40px&#8221; header_font_size_last_edited=&#8221;on|tablet&#8221;]<h1>Las opiniones de nuestros clientes<\/h1>[\/et_pb_text][\/et_pb_column][\/et_pb_row][et_pb_row _builder_version=&#8221;4.4.1&#8243;][et_pb_column type=&#8221;4_4&#8243; _builder_version=&#8221;4.4.1&#8243;][et_pb_testimonial author=&#8221;Paulina, 74, Espa\u00f1a&#8221; portrait_url=&#8221;https:\/\/immunence.com\/es\/wp-content\/uploads\/sites\/9\/2020\/11\/immunence_paulina-headshot.jpg&#8221; quote_icon_color=&#8221;#b2d235&#8243; quote_icon_background_color=&#8221;#ffffff&#8221; use_icon_font_size=&#8221;on&#8221; icon_font_size=&#8221;50px&#8221; icon_font_size_tablet=&#8221;40px&#8221; icon_font_size_phone=&#8221;30px&#8221; icon_font_size_last_edited=&#8221;on|tablet&#8221; _builder_version=&#8221;4.7.0&#8243; body_font=&#8221;|600|||||||&#8221; author_font=&#8221;Oswald|500||on|||||&#8221; author_text_color=&#8221;#333&#8243; author_font_size=&#8221;16px&#8221; author_letter_spacing=&#8221;1px&#8221; background_color=&#8221;#ffffff&#8221; custom_css_testimonial_author=&#8221;position:absolute;||  top:0;&#8221; box_shadow_style=&#8221;preset1&#8243; box_shadow_vertical=&#8221;0px&#8221; box_shadow_blur=&#8221;12px&#8221;]<div class=\"padding-testimonials\">\n<p><span style=\"color: #b2cd3c;\"><i class=\"fas fa-star\" aria-hidden=\"true\"><\/i><i class=\"fas fa-star\" aria-hidden=\"true\"><\/i><i class=\"fas fa-star\" aria-hidden=\"true\"><\/i><i class=\"fas fa-star\" aria-hidden=\"true\"><\/i><i class=\"fas fa-star\" aria-hidden=\"true\"><\/i><\/span><\/p>\n<p><span class=\"green-light\">Las propiedades antiinflamatorias de INMUNENCE redujeron mi dolor cr\u00f3nico y me dieron una nueva sensaci\u00f3n de energ\u00eda y motivaci\u00f3n para la vida. Ahora estoy prosperando en lugar de simplemente sobrevivir.<\/span><\/p>\n<p>Siendo una mujer de 74 a\u00f1os que enviud\u00f3 recientemente (hace 2 a\u00f1os), soy muy consciente de la importancia de tener buena salud, aunque todav\u00eda quiero disfrutar de algunos de los placeres diet\u00e9ticos de la vida.<\/p>\n<p>Hab\u00eda estado sufriendo de osteoartritis aguda y fibromialgia en los \u00faltimos a\u00f1os, lo que, aparte del dolor agudo y cr\u00f3nico, compromet\u00eda mi sistema inmunol\u00f3gico y me hac\u00eda m\u00e1s susceptible a cualquier otra complicaci\u00f3n, que parec\u00eda empeorar de forma m\u00e1s severa y por m\u00e1s tiempo.<\/p>\n<p>M\u00e1s recientemente, hab\u00eda estado sufriendo de un extra\u00f1o problema digestivo que simplemente no desaparec\u00eda. Daba igual los\u00a0 medicamentos que probara, nada consigui\u00f3 mejorarlo.<\/p>\n<p>Siempre desconf\u00edo de agregar nuevos tratamientos a mi rutina, debido a que la fibromialgia compromete mi sistema inmunol\u00f3gico. Sin embargo, como INMUNENCE es solo una selecci\u00f3n de alimentos vegetales integrales, frutos secos, semillas y especias, el riesgo era casi inexistente, as\u00ed que lo intent\u00e9 para ver si sus ingredientes antiinflamatorios me ayudaban tanto con el dolor de la artritis como con la fibromialgia y los problemas con mi digesti\u00f3n.<\/p>\n<p>He estado tomando INMUNENCE ahora desde noviembre de 2019 y not\u00e9 los resultados durante la primera semana de tomarlo. \u00a1Resolvi\u00f3 los problemas digestivos casi de inmediato y no han regresado!<\/p>\n<p>Adem\u00e1s, me ha dado mucha m\u00e1s movilidad y mucho menos dolor debido a la artritis y la fibromialgia.<\/p>\n<p>No puedo ponerme las vacunas contra la gripe estacional porque me enferman, pero este es el primer invierno que he estado &#8220;libre de virus&#8221; (hasta ahora). Puedo volver a socializar sin miedo a contraer el \u00faltimo resfriado o gripe y quedarme fuera de acci\u00f3n durante 2 semanas o m\u00e1s como resultado.<\/p>\n<p>Tambi\u00e9n tengo una energ\u00eda ilimitada y he encontrado una verdadera sensaci\u00f3n de vitalidad. Estoy motivada, m\u00e1s concentrada y estoy en movimiento durante horas.<\/p>\n<p>Ahora tengo la salud, la vitalidad y la energ\u00eda para afrontar casi todos los aspectos de mi vida como mujer soltera y espero con ansias cada d\u00eda.<\/p>\n<\/div>[\/et_pb_testimonial][et_pb_testimonial author=&#8221;Julie, 54, Reino unido&#8221; portrait_url=&#8221;https:\/\/immunence.com\/es\/wp-content\/uploads\/sites\/9\/2020\/11\/immunence_nunny-headshot.jpg&#8221; quote_icon_color=&#8221;#b2d235&#8243; quote_icon_background_color=&#8221;#ffffff&#8221; use_icon_font_size=&#8221;on&#8221; icon_font_size=&#8221;50px&#8221; icon_font_size_tablet=&#8221;40px&#8221; icon_font_size_phone=&#8221;30px&#8221; icon_font_size_last_edited=&#8221;on|tablet&#8221; _builder_version=&#8221;4.7.0&#8243; body_font=&#8221;|600|||||||&#8221; author_font=&#8221;Oswald|500||on|||||&#8221; author_text_color=&#8221;#333&#8243; author_font_size=&#8221;16px&#8221; author_letter_spacing=&#8221;1px&#8221; background_color=&#8221;#ffffff&#8221; custom_css_testimonial_author=&#8221;position:absolute;||  top:0;&#8221; box_shadow_style=&#8221;preset1&#8243; box_shadow_vertical=&#8221;0px&#8221; box_shadow_blur=&#8221;12px&#8221;]<div class=\"padding-testimonials\">\n<p><span style=\"color: #b2cd3c;\"><i class=\"fas fa-star\" aria-hidden=\"true\"><\/i><i class=\"fas fa-star\" aria-hidden=\"true\"><\/i><i class=\"fas fa-star\" aria-hidden=\"true\"><\/i><i class=\"fas fa-star\" aria-hidden=\"true\"><\/i><i class=\"fas fa-star\" aria-hidden=\"true\"><\/i><\/span><\/p>\n<p><span class=\"green-light\">INMUNENCE ha sido la \u00fanica soluci\u00f3n que he encontrado en los \u00faltimos 20 a\u00f1os que me brinda un alivio efectivo del IBS cr\u00f3nico con los beneficios adicionales en mi salud y vitalidad.<\/span><\/p>\n<p>He sufrido de IBS cr\u00f3nico durante los \u00faltimos 20 a\u00f1os. Se hab\u00eda convertido en una parte m\u00e1s de mi vida, con los intestinos sueltos, hinchaz\u00f3n y un cansancio constante que afect\u00f3 dram\u00e1ticamente muchos aspectos de mi vida diaria y restringi\u00f3 en gran medida las comidas, bebidas y ocasiones sociales que pod\u00eda disfrutar.<\/p>\n<p>Quiz\u00e1s lo m\u00e1s importante fue que los alimentos m\u00e1s importantes, como las frutas y las verduras, eran los que m\u00e1s irritaban mi IBS, lo que me hac\u00eda muy dif\u00edcil obtener un espectro completo de nutrientes diarios para mantenerme en forma.<\/p>\n<p>\u00a1He estado tomando IMMUNENCE ahora desde el verano de 2019 y no puedo recomendarlo lo suficiente!<\/p>\n<p>Sin querer sonar dram\u00e1tica, han transformado mi vida en que ya no est\u00e1 dictada por mi IBS y adem\u00e1s, el efecto lo sent\u00ed desde la primera vez que lo tom\u00e9.<\/p>\n<p>Lo he continuando tomando diariamente, he notado una mayor sensaci\u00f3n de bienestar general, as\u00ed como m\u00e1s energ\u00eda y motivaci\u00f3n.<\/p>\n<p>Hoy en d\u00eda, he podido dejar m\u00e1s del 90% de mi medicaci\u00f3n y disfrutar de una vida m\u00e1s saludable y feliz gracias a INMUNENCE.<\/p>\n<\/div>[\/et_pb_testimonial][et_pb_testimonial author=&#8221;Tim, 47, B\u00e9lgica&#8221; portrait_url=&#8221;https:\/\/immunence.com\/es\/wp-content\/uploads\/sites\/9\/2020\/11\/immunence_tim-headshot.jpg&#8221; quote_icon_color=&#8221;#b2d235&#8243; quote_icon_background_color=&#8221;#ffffff&#8221; use_icon_font_size=&#8221;on&#8221; icon_font_size=&#8221;50px&#8221; icon_font_size_tablet=&#8221;40px&#8221; icon_font_size_phone=&#8221;30px&#8221; icon_font_size_last_edited=&#8221;on|tablet&#8221; _builder_version=&#8221;4.7.0&#8243; body_font=&#8221;|600|||||||&#8221; author_font=&#8221;Oswald|500||on|||||&#8221; author_text_color=&#8221;#333&#8243; author_font_size=&#8221;16px&#8221; author_letter_spacing=&#8221;1px&#8221; background_color=&#8221;#ffffff&#8221; custom_css_testimonial_author=&#8221;position:absolute;||  top:0;&#8221; box_shadow_style=&#8221;preset1&#8243; box_shadow_vertical=&#8221;0px&#8221; box_shadow_blur=&#8221;12px&#8221;]<div class=\"padding-testimonials\">\n<p><span style=\"color: #b2cd3c;\"><i class=\"fa fa-star\" aria-hidden=\"true\"><\/i><i class=\"fas fa-star\" aria-hidden=\"true\"><\/i><i class=\"fas fa-star\" aria-hidden=\"true\"><\/i><i class=\"fas fa-star\" aria-hidden=\"true\"><\/i><\/span><\/p>\n<p><span class=\"green-light\">INMUNENCE ha sido la suma perfecta a mi rutina diaria para proteger y fortalecer mi sistema inmunol\u00f3gico lo m\u00e1ximo posible durante la crisis de sanitaria del Covid-19.<\/span><\/p>\n<p>Empec\u00e9 a tomar INMUNENCE en mi batido matutino hace unos meses. Aunque no tengo ning\u00fan problema de salud subyacente, algunos amigos m\u00edos me lo hab\u00edan recomendado como un refuerzo inmunol\u00f3gico adicional para el (entonces) brote creciente de Covid-19.<\/p>\n<p>Adem\u00e1s de notar un impulso positivo en mis niveles de energ\u00eda, tambi\u00e9n he descubierto que ha reducido la cantidad de resfriados y enfermedades que sol\u00eda tener. Y tengo que decir que tambi\u00e9n me gusta su sabor de cereales y avena. Recomiendo este producto a cualquiera que se sienta agotado y quiera un apoyo natural para su salud.<\/p>\n<\/div>[\/et_pb_testimonial][et_pb_testimonial author=&#8221;Susi, 54, Espa\u00f1a&#8221; portrait_url=&#8221;https:\/\/immunence.com\/es\/wp-content\/uploads\/sites\/9\/2020\/11\/immunence_susi-headshot.jpg&#8221; quote_icon_color=&#8221;#b2d235&#8243; quote_icon_background_color=&#8221;#ffffff&#8221; use_icon_font_size=&#8221;on&#8221; icon_font_size=&#8221;50px&#8221; icon_font_size_tablet=&#8221;40px&#8221; icon_font_size_phone=&#8221;30px&#8221; icon_font_size_last_edited=&#8221;on|tablet&#8221; _builder_version=&#8221;4.7.0&#8243; body_font=&#8221;|600|||||||&#8221; author_font=&#8221;Oswald|500||on|||||&#8221; author_text_color=&#8221;#333&#8243; author_font_size=&#8221;16px&#8221; author_letter_spacing=&#8221;1px&#8221; background_color=&#8221;#ffffff&#8221; custom_css_testimonial_author=&#8221;position: absolute;||  top: 0px;&#8221; box_shadow_style=&#8221;preset1&#8243; box_shadow_vertical=&#8221;0px&#8221; box_shadow_blur=&#8221;12px&#8221;]<div class=\"padding-testimonials\">\n<p><span style=\"color: #b2cd3c;\"><i class=\"fas fa-star\" aria-hidden=\"true\"><\/i><i class=\"fas fa-star\" aria-hidden=\"true\"><\/i><i class=\"fas fa-star\" aria-hidden=\"true\"><\/i><i class=\"fas fa-star\" aria-hidden=\"true\"><\/i><i class=\"fas fa-star\" aria-hidden=\"true\"><\/i><\/span><\/p>\n<p><span class=\"green-light\">Estar al cuidado en casa de mi madre, anciana y en silla de ruedas me hab\u00eda afectado seriamente la espalda y las caderas durante los \u00faltimos a\u00f1os. INMUNENCE elimin\u00f3 por completo el dolor de cadera que estaba teniendo en cuesti\u00f3n de d\u00edas.<\/span><\/p>\n<p>Despu\u00e9s del derrame cerebral que tuvo mi madre, esta se vino a vivir con nosotros a tiempo completo. El derrame cerebral la hab\u00eda dejado atada en una silla de ruedas y era incapaz de sostenerse cuando se mov\u00eda de su cama a silla de ruedas o al rev\u00e9s. Aunque contamos con ayuda a domicilio, hay muchas ocasiones en las que estoy sola en casa y la \u00fanica que puede ayudarla en su movilidad.<\/p>\n<p>Como resultado, hab\u00eda estado sufriendo de dolor cr\u00f3nico de cadera durante varias semanas. Hab\u00eda visitado a mi m\u00e9dico y \u00e9l me hab\u00eda hecho una serie de pruebas y una resonancia magn\u00e9tica para ver cu\u00e1l era el problema.<\/p>\n<p>Desafortunadamente, el Covid-19 confin\u00f3 Espa\u00f1a antes de que pudieran hacerme las pruebas. No quer\u00eda volver a tomar la mediaci\u00f3n para el dolor sin saber cu\u00e1l era la causa del problema, por lo que un amigo me recomend\u00f3 INMUNENCE para ver si me ayudar\u00eda a aliviar el dolor mientras tanto.<\/p>\n<p>Despu\u00e9s de 5 d\u00edas de tomar INMUNENCE, el dolor en mis caderas hab\u00eda desaparecido por completo. Me he mantenido libre de dolor y, aunque todav\u00eda estamos encerrados en el momento de escribir esto, hasta ahora, el problema parece haberse resuelto por medios puramente naturales.<\/p>\n<\/div>[\/et_pb_testimonial][et_pb_testimonial author=&#8221;Fiona, 45, Ireland&#8221; portrait_url=&#8221;https:\/\/immunence.com\/es\/wp-content\/uploads\/sites\/9\/2020\/11\/immunence_fiona-headshot.jpg&#8221; quote_icon_color=&#8221;#b2d235&#8243; quote_icon_background_color=&#8221;#ffffff&#8221; use_icon_font_size=&#8221;on&#8221; icon_font_size=&#8221;50px&#8221; icon_font_size_tablet=&#8221;40px&#8221; icon_font_size_phone=&#8221;30px&#8221; icon_font_size_last_edited=&#8221;on|tablet&#8221; _builder_version=&#8221;4.7.0&#8243; body_font=&#8221;|600|||||||&#8221; author_font=&#8221;Oswald|500||on|||||&#8221; author_text_color=&#8221;#333&#8243; author_font_size=&#8221;16px&#8221; author_letter_spacing=&#8221;1px&#8221; background_color=&#8221;#ffffff&#8221; custom_css_testimonial_author=&#8221;position: absolute;||  top: 0px;&#8221; box_shadow_style=&#8221;preset1&#8243; box_shadow_vertical=&#8221;0px&#8221; box_shadow_blur=&#8221;12px&#8221;]<div class=\"padding-testimonials\">\n<p><span style=\"color: #b2cd3c;\"><i class=\"fas fa-star\" aria-hidden=\"true\"><\/i><i class=\"fas fa-star\" aria-hidden=\"true\"><\/i><i class=\"fas fa-star\" aria-hidden=\"true\"><\/i><i class=\"fas fa-star\" aria-hidden=\"true\"><\/i><i class=\"fas fa-star\" aria-hidden=\"true\"><\/i><\/span><\/p>\n<p><span class=\"green-light\">INMUNENCE ha mejorado mi energ\u00eda, mis patrones de sue\u00f1o, mi piel y, lo que es m\u00e1s importante, ha aliviado un problema permanente de dolor en las articulaciones a veces severo hasta tal punto que he podido dejar la fisioterapia y casi todos los analg\u00e9sicos en cuesti\u00f3n de meses.<\/span><\/p>\n<p>Comenc\u00e9 a tomar INMUNENCE hace unos 6 meses porque quer\u00eda ayudar a mi sistema inmunol\u00f3gico de forma natural. Tambi\u00e9n esperaba que pudiera ayudarme con mi dolor en las articulaciones, a veces severo.<\/p>\n<p>Desde entonces, nunca he tenido ni un resfriado ni ninguna enfermedad. Estoy menos cansada, tengo m\u00e1s energ\u00eda y mi sue\u00f1o ha mejorado. \u00a1Mi piel tambi\u00e9n est\u00e1 m\u00e1s radiante! Y cr\u00edticamente, el dolor en las articulaciones ha mejorado mucho y ya no voy al fisioterapeuta. Para ser honesta, \u00a1casi no he tomado analg\u00e9sicos en los \u00faltimos meses!<\/p>\n<p>Mi hija, de 11 a\u00f1os, es vegetariana y tambi\u00e9n est\u00e1 tomando INMUNENCE; tambi\u00e9n ha estado libre de dolores desde que comenz\u00f3 con INMUNENCE.<\/p>\n<p>Lo tomamos con avena para el desayuno o con un batido de frutas, \u00a1los dos est\u00e1n deliciosos!<\/p>\n<p>Recomiendo este producto para toda la familia. Es mucho m\u00e1s barato que muchos suplementos que prometen mucho, pero no cumplen. \u00a1La INMUNENCIA cumple! Es el refuerzo perfecto para el sistema inmunol\u00f3gico, especialmente ahora cuando m\u00e1s lo necesitamos.<\/p>\n<\/div>[\/et_pb_testimonial][et_pb_testimonial author=&#8221;Joanna, 51, Reino Unido&#8221; portrait_url=&#8221;https:\/\/immunence.com\/es\/wp-content\/uploads\/sites\/9\/2020\/11\/immunence_joana-headshot.jpg&#8221; quote_icon_color=&#8221;#b2d235&#8243; quote_icon_background_color=&#8221;#ffffff&#8221; use_icon_font_size=&#8221;on&#8221; icon_font_size=&#8221;50px&#8221; icon_font_size_tablet=&#8221;40px&#8221; icon_font_size_phone=&#8221;30px&#8221; icon_font_size_last_edited=&#8221;on|tablet&#8221; _builder_version=&#8221;4.7.0&#8243; body_font=&#8221;|600|||||||&#8221; author_font=&#8221;Oswald|500||on|||||&#8221; author_text_color=&#8221;#333333&#8243; author_font_size=&#8221;16px&#8221; author_letter_spacing=&#8221;1px&#8221; background_color=&#8221;#ffffff&#8221; custom_css_testimonial_author=&#8221;position:absolute;||  top:0;&#8221; box_shadow_style=&#8221;preset1&#8243; box_shadow_vertical=&#8221;0px&#8221; box_shadow_blur=&#8221;12px&#8221;]<div class=\"padding-testimonials\">\n<p><span style=\"color: #b2cd3c;\"><i class=\"fas fa-star\" aria-hidden=\"true\"><\/i><i class=\"fas fa-star\" aria-hidden=\"true\"><\/i><i class=\"fas fa-star\" aria-hidden=\"true\"><\/i><i class=\"fas fa-star\" aria-hidden=\"true\"><\/i><\/span><\/p>\n<p><span class=\"green-light\">He descubierto que INMUNENCE es una forma natural y amable de reducir muchos de mis s\u00edntomas que ten\u00eda antes, incluida la acidez estomacal y los s\u00edntomas de la menopausia, adem\u00e1s de proporcionar un buen impulso en mis niveles de energ\u00eda y bienestar general.<\/span><\/p>\n<p>Como persona razonablemente sana, no esperaba sentir ning\u00fan cambio real o inmediato usando INMUNENCE, pero despu\u00e9s de solo 10 d\u00edas, he visto una clara mejora en mis niveles de energ\u00eda y bienestar general.<\/p>\n<p>Adem\u00e1s, hab\u00eda estado sufriendo de acidez y problemas estomacales cr\u00f3nicos durante muchos a\u00f1os y, como muchas otras personas de mi edad, ten\u00eda a mano un frasco de anti\u00e1cido que tomaba al menos una vez al d\u00eda. Sab\u00eda que los anti\u00e1cidos no eran buenos para mi, por lo que no pod\u00edan ser una soluci\u00f3n a largo plazo.<\/p>\n<p>Idealmente, quer\u00eda un suplemento natural simple, de una cucharada al d\u00eda, que pudiera proporcionar beneficios para la salud todos los d\u00edas, apoyar (y con suerte mejorar) mis problemas de digesti\u00f3n y tambi\u00e9n frenar mis s\u00edntomas de la menopausia despu\u00e9s de una histerectom\u00eda completa hace unos a\u00f1os.<\/p>\n<p>Sobre todo, no tengo tiempo para complicarme la vida. INMUNENCE para m\u00ed es r\u00e1pido y f\u00e1cil de usar y ayuda de una vez a todos mis s\u00edntomas. Por lo general, agrego una cucharada a mi batido de frutas o papilla.<\/p>\n<p>Hasta ahora, mi acidez estomacal nocturna se ha reducido a solo una molestia, no el dolor &#8220;ardiente&#8221; que me oblig\u00f3 a buscar los anti\u00e1cidos que me estaba tomando antes de INMUNENCE.<\/p>\n<p>Y los resultados me han provocado que me mueva m\u00e1s y me cuide mejor. Espero con ansias ver c\u00f3mo me siento despu\u00e9s de unos meses.<\/p>\n<\/div>[\/et_pb_testimonial][\/et_pb_column][\/et_pb_row][\/et_pb_section]\n","protected":false},"excerpt":{"rendered":"<p>Las opiniones de nuestros clientes Las propiedades antiinflamatorias de INMUNENCE redujeron mi dolor cr\u00f3nico y me dieron una nueva sensaci\u00f3n de energ\u00eda y motivaci\u00f3n para la vida. Ahora estoy prosperando en lugar de simplemente sobrevivir. Siendo una mujer de 74 a\u00f1os que enviud\u00f3 recientemente (hace 2 a\u00f1os), soy muy consciente de la importancia de tener [&hellip;]<\/p>\n","protected":false},"author":1,"featured_media":0,"parent":0,"menu_order":0,"comment_status":"closed","ping_status":"closed","template":"","meta":{"_et_pb_use_builder":"on","_et_pb_old_content":"","_et_gb_content_width":"","footnotes":""},"class_list":["post-69","page","type-page","status-publish","hentry"],"yoast_head":"<!-- This site is optimized with the Yoast SEO plugin v20.8 - https:\/\/yoast.com\/wordpress\/plugins\/seo\/ -->\n<title>Las opiniones de nuestros clientes - Immunence<\/title>\n<meta name=\"description\" content=\"Estas son las opiniones de nuestros clientes despu\u00e9s de probar Immunence. Son casos reales de gente a la que le ha fucionado Immunence.\" \/>\n<meta name=\"robots\" content=\"index, follow, max-snippet:-1, max-image-preview:large, max-video-preview:-1\" \/>\n<link rel=\"canonical\" href=\"https:\/\/immunence.com\/es\/las-opiniones-de-nuestros-clientes\/\" \/>\n<meta property=\"og:locale\" content=\"es_ES\" \/>\n<meta property=\"og:type\" content=\"article\" \/>\n<meta property=\"og:title\" content=\"Las opiniones de nuestros clientes - Immunence\" \/>\n<meta property=\"og:description\" content=\"Estas son las opiniones de nuestros clientes despu\u00e9s de probar Immunence. Son casos reales de gente a la que le ha fucionado Immunence.\" \/>\n<meta property=\"og:url\" content=\"https:\/\/immunence.com\/es\/las-opiniones-de-nuestros-clientes\/\" \/>\n<meta property=\"og:site_name\" content=\"Immunence\" \/>\n<meta property=\"article:modified_time\" content=\"2020-12-11T06:49:00+00:00\" \/>\n<meta name=\"twitter:card\" content=\"summary_large_image\" \/>\n<meta name=\"twitter:label1\" content=\"Tiempo de lectura\" \/>\n\t<meta name=\"twitter:data1\" content=\"12 minutos\" \/>\n<script type=\"application\/ld+json\" class=\"yoast-schema-graph\">{\"@context\":\"https:\/\/schema.org\",\"@graph\":[{\"@type\":\"WebPage\",\"@id\":\"https:\/\/immunence.com\/es\/las-opiniones-de-nuestros-clientes\/\",\"url\":\"https:\/\/immunence.com\/es\/las-opiniones-de-nuestros-clientes\/\",\"name\":\"Las opiniones de nuestros clientes - Immunence\",\"isPartOf\":{\"@id\":\"https:\/\/immunence.com\/es\/#website\"},\"datePublished\":\"2020-11-12T11:01:05+00:00\",\"dateModified\":\"2020-12-11T06:49:00+00:00\",\"description\":\"Estas son las opiniones de nuestros clientes despu\u00e9s de probar Immunence. Son casos reales de gente a la que le ha fucionado Immunence.\",\"breadcrumb\":{\"@id\":\"https:\/\/immunence.com\/es\/las-opiniones-de-nuestros-clientes\/#breadcrumb\"},\"inLanguage\":\"es\",\"potentialAction\":[{\"@type\":\"ReadAction\",\"target\":[\"https:\/\/immunence.com\/es\/las-opiniones-de-nuestros-clientes\/\"]}]},{\"@type\":\"BreadcrumbList\",\"@id\":\"https:\/\/immunence.com\/es\/las-opiniones-de-nuestros-clientes\/#breadcrumb\",\"itemListElement\":[{\"@type\":\"ListItem\",\"position\":1,\"name\":\"Home\",\"item\":\"https:\/\/immunence.com\/es\/\"},{\"@type\":\"ListItem\",\"position\":2,\"name\":\"Las opiniones de nuestros clientes\"}]},{\"@type\":\"WebSite\",\"@id\":\"https:\/\/immunence.com\/es\/#website\",\"url\":\"https:\/\/immunence.com\/es\/\",\"name\":\"Immunence\",\"description\":\"Immense Immune Defence\",\"potentialAction\":[{\"@type\":\"SearchAction\",\"target\":{\"@type\":\"EntryPoint\",\"urlTemplate\":\"https:\/\/immunence.com\/es\/?s={search_term_string}\"},\"query-input\":\"required name=search_term_string\"}],\"inLanguage\":\"es\"}]}<\/script>\n<!-- \/ Yoast SEO plugin. -->","yoast_head_json":{"title":"Las opiniones de nuestros clientes - Immunence","description":"Estas son las opiniones de nuestros clientes despu\u00e9s de probar Immunence. Son casos reales de gente a la que le ha fucionado Immunence.","robots":{"index":"index","follow":"follow","max-snippet":"max-snippet:-1","max-image-preview":"max-image-preview:large","max-video-preview":"max-video-preview:-1"},"canonical":"https:\/\/immunence.com\/es\/las-opiniones-de-nuestros-clientes\/","og_locale":"es_ES","og_type":"article","og_title":"Las opiniones de nuestros clientes - Immunence","og_description":"Estas son las opiniones de nuestros clientes despu\u00e9s de probar Immunence. Son casos reales de gente a la que le ha fucionado Immunence.","og_url":"https:\/\/immunence.com\/es\/las-opiniones-de-nuestros-clientes\/","og_site_name":"Immunence","article_modified_time":"2020-12-11T06:49:00+00:00","twitter_card":"summary_large_image","twitter_misc":{"Tiempo de lectura":"12 minutos"},"schema":{"@context":"https:\/\/schema.org","@graph":[{"@type":"WebPage","@id":"https:\/\/immunence.com\/es\/las-opiniones-de-nuestros-clientes\/","url":"https:\/\/immunence.com\/es\/las-opiniones-de-nuestros-clientes\/","name":"Las opiniones de nuestros clientes - Immunence","isPartOf":{"@id":"https:\/\/immunence.com\/es\/#website"},"datePublished":"2020-11-12T11:01:05+00:00","dateModified":"2020-12-11T06:49:00+00:00","description":"Estas son las opiniones de nuestros clientes despu\u00e9s de probar Immunence. Son casos reales de gente a la que le ha fucionado Immunence.","breadcrumb":{"@id":"https:\/\/immunence.com\/es\/las-opiniones-de-nuestros-clientes\/#breadcrumb"},"inLanguage":"es","potentialAction":[{"@type":"ReadAction","target":["https:\/\/immunence.com\/es\/las-opiniones-de-nuestros-clientes\/"]}]},{"@type":"BreadcrumbList","@id":"https:\/\/immunence.com\/es\/las-opiniones-de-nuestros-clientes\/#breadcrumb","itemListElement":[{"@type":"ListItem","position":1,"name":"Home","item":"https:\/\/immunence.com\/es\/"},{"@type":"ListItem","position":2,"name":"Las opiniones de nuestros clientes"}]},{"@type":"WebSite","@id":"https:\/\/immunence.com\/es\/#website","url":"https:\/\/immunence.com\/es\/","name":"Immunence","description":"Immense Immune Defence","potentialAction":[{"@type":"SearchAction","target":{"@type":"EntryPoint","urlTemplate":"https:\/\/immunence.com\/es\/?s={search_term_string}"},"query-input":"required name=search_term_string"}],"inLanguage":"es"}]}},"_links":{"self":[{"href":"https:\/\/immunence.com\/es\/wp-json\/wp\/v2\/pages\/69","targetHints":{"allow":["GET"]}}],"collection":[{"href":"https:\/\/immunence.com\/es\/wp-json\/wp\/v2\/pages"}],"about":[{"href":"https:\/\/immunence.com\/es\/wp-json\/wp\/v2\/types\/page"}],"author":[{"embeddable":true,"href":"https:\/\/immunence.com\/es\/wp-json\/wp\/v2\/users\/1"}],"replies":[{"embeddable":true,"href":"https:\/\/immunence.com\/es\/wp-json\/wp\/v2\/comments?post=69"}],"version-history":[{"count":10,"href":"https:\/\/immunence.com\/es\/wp-json\/wp\/v2\/pages\/69\/revisions"}],"predecessor-version":[{"id":1125,"href":"https:\/\/immunence.com\/es\/wp-json\/wp\/v2\/pages\/69\/revisions\/1125"}],"wp:attachment":[{"href":"https:\/\/immunence.com\/es\/wp-json\/wp\/v2\/media?parent=69"}],"curies":[{"name":"wp","href":"https:\/\/api.w.org\/{rel}","templated":true}]}}