{"id":59,"date":"2020-11-12T10:58:21","date_gmt":"2020-11-12T10:58:21","guid":{"rendered":"https:\/\/immunence.com\/es\/?page_id=59"},"modified":"2020-12-11T08:10:32","modified_gmt":"2020-12-11T07:10:32","slug":"nuestra-historia","status":"publish","type":"page","link":"https:\/\/immunence.com\/es\/nuestra-historia\/","title":{"rendered":"Nuestra Historia"},"content":{"rendered":"\n[et_pb_section fb_built=&#8221;1&#8243; _builder_version=&#8221;4.4.3&#8243;][et_pb_row _builder_version=&#8221;4.4.3&#8243;][et_pb_column type=&#8221;4_4&#8243; _builder_version=&#8221;4.4.3&#8243;][et_pb_text _builder_version=&#8221;4.7.0&#8243; header_font=&#8221;|600|||||||&#8221; header_text_align=&#8221;center&#8221; header_font_size=&#8221;60px&#8221; text_font_size_tablet=&#8221;&#8221; text_font_size_phone=&#8221;14px&#8221; text_font_size_last_edited=&#8221;on|phone&#8221; header_font_size_tablet=&#8221;50px&#8221; header_font_size_phone=&#8221;40px&#8221; header_font_size_last_edited=&#8221;on|phone&#8221;]<h1>Nuestra Historia<\/h1>[\/et_pb_text][et_pb_text _builder_version=&#8221;4.7.0&#8243; text_font=&#8221;|600|||||||&#8221; text_font_size=&#8221;16px&#8221; text_font_size_tablet=&#8221;&#8221; text_font_size_phone=&#8221;14px&#8221; text_font_size_last_edited=&#8221;on|phone&#8221;]<p>Hola, soy Juls, fundadora de IMMUNENCE y esta es nuestra historia.<\/p>\n<p>Aunque soy inglesa, he estada viviendo en Espa\u00f1a durante los \u00faltimos 20 a\u00f1os y he estado con mi alma gemela, Jose, durante 12 a\u00f1os. Desde que lo conozco, ha tenido problemas con el est\u00f3mago y con la comida.<\/p>\n<p>B\u00e1sicamente, era una acumulaci\u00f3n de tejido cicatricial que se hab\u00eda formado en la entrada de su est\u00f3mago despu\u00e9s de 20 a\u00f1os de acidez y reflujo \u00e1cido.<\/p>\n<p>Esto significaba que la entrada a su est\u00f3mago era mucho m\u00e1s peque\u00f1a que en la mayor\u00eda de nosotros y si la comida que bajaba era pesada o densa (como pan, carne, pasta, etc.), no pod\u00eda pasar por la abertura y su es\u00f3fago empujaba la comida hacia afuera, por donde hab\u00eda entrado.<\/p>\n<p>Se someti\u00f3 a una peque\u00f1a operaci\u00f3n hace unos 7 a\u00f1os para cortar el tejido cicatricial y aumentar la abertura. Parec\u00eda funcionar bien y m\u00e1s o menos volvimos a la vida normal.<\/p>\n<p>Luego, a principios de la primavera de 2019, comenz\u00f3 a vomitar comida de nuevo. Visit\u00f3 al m\u00e9dico, quien le concert\u00f3 una cita para ver a su especialista.<\/p>\n<p>La lista de espera era de alrededor de 6 meses, pero no nos preocup\u00e1bamos demasiado en ese momento, porque todav\u00eda lo estaba haciendo razonablemente bien y hab\u00eda pasado un a\u00f1o m\u00e1s o menos antes de que empeorara la \u00faltima vez.<\/p>\n<p>Pero muy r\u00e1pidamente las cosas empeoraron MUCHO y en un mes m\u00e1s o menos, parec\u00eda estar vomitando cualquier alimento s\u00f3lido que com\u00eda y estaba perdiendo peso r\u00e1pidamente. Empezamos a preocuparnos de que pudiera ser otra cosa.<\/p>\n<p>En solo unos meses hab\u00eda perdido m\u00e1s de 10 kilos (\u00a122 libras!) Y solo pod\u00eda retener l\u00edquidos, por lo que la \u00fanica nutrici\u00f3n real que estaba obteniendo en este punto eran batidos y zumos.<\/p>\n<p>Como todav\u00eda no hab\u00eda noticias del hospital sobre su cita, compr\u00f3 un bote de esos &#8220;complementos alimenticios en polvo&#8221; en la farmacia.<\/p>\n<p>Pero cuando le\u00ed la etiqueta, \u00a1me horroric\u00e9! \u00a1No era m\u00e1s que una enorme lista de aceites vegetales procesados \u200b\u200b(canola y girasol), prote\u00ednas de leche procesadas, az\u00facares, edulcorantes y vitaminas y minerales sint\u00e9ticos! \u00a1Literalmente le iba a hacer m\u00e1s da\u00f1o que bien!<\/p>\n<p>A partir de esto, damas y caballeros, fue c\u00f3mo se cre\u00f3 la f\u00f3rmula original para lNMUNENCE y donde comenz\u00f3 nuestra historia.<\/p>\n<p>Hab\u00eda estado estudiando\u00a0<a href=\"https:\/\/immunence.com\/es\/ciencia-de-la-nutricion\/\">evidencia basada en la nutrici\u00f3n<\/a> durante aproximadamente 3 a\u00f1os y era (y sigue siendo) mi gran pasi\u00f3n, as\u00ed que decid\u00ed utilizar todo lo que hab\u00eda aprendido y crear algo para Jose que fuera:<\/p>\n<ol>\n<li>A base de alimentos integrales, <a href=\"https:\/\/www.ncbi.nlm.nih.gov\/pmc\/articles\/PMC5466934\/\">a base de plantas<\/a><\/li>\n<li>Una selecci\u00f3n rica en grasas saludables como frutos secos, semillas y <a href=\"https:\/\/www.scientificamerican.com\/espanol\/noticias\/reuters\/asocian-el-consumo-de-granos-integrales-con-una-vida-mas-prolongada-y-saludable\/\">avena<\/a>\u00a0para fortalecerlo<\/li>\n<li><a href=\"https:\/\/www.sciencedirect.com\/science\/article\/pii\/S0261561418325408\">Antiinflamatorias<\/a><\/li>\n<li>Una protecci\u00f3n para el coraz\u00f3n y contra el c\u00e1ncer (dadas las preocupaciones sin respuesta en ese momento)<\/li>\n<li>Una amplia gama de\u00a0<a href=\"https:\/\/www.mdpi.com\/2072-6643\/12\/1\/236\/htm\">micronutrientes<\/a><\/li>\n<li>Un alto refuerzo immunol\u00f3gico<\/li>\n<\/ol>\n<p>Comenz\u00f3 a usarlo solo en un vaso peque\u00f1o de zumo de naranja todos los d\u00edas porque no pod\u00eda retener mucho m\u00e1s. Tom\u00f3 2 o 3 de estos vasos al d\u00eda.<\/p>\n<p>En aproximadamente 2 semanas, su apetito volvi\u00f3 y durante las siguientes dos semanas se volvi\u00f3 cada vez m\u00e1s aventurero con los alimentos que estaba probando; lo que es m\u00e1s importante, casi todo lo que com\u00eda lo reten\u00eda y hoy en d\u00eda sigue as\u00ed.<\/p>\n<p>Para Navidad, hab\u00eda recuperado constantemente un peso saludable y se sent\u00eda tan bien, que cuando lo llamaron del hospital con una cita para eliminar la obstrucci\u00f3n en su est\u00f3mago, les dijo que volvieran a llamar al cabo de un mes. No ve\u00eda el sentido de correr un riesgo con la anestesia, etc., si no hab\u00eda s\u00edntomas.<\/p>\n<p>Ha seguido posponiendo la intervenci\u00f3n cada mes desde entonces. De hecho, casualmente, me llamaron hoy mientras escrib\u00eda esta introducci\u00f3n y de nuevo lo retras\u00f3 un mes m\u00e1s.<span style=\"font-size: 16px;\"> \ud83d\ude0a<\/span><\/p>[\/et_pb_text][\/et_pb_column][\/et_pb_row][\/et_pb_section][et_pb_section fb_built=&#8221;1&#8243; use_custom_gutter=&#8221;on&#8221; gutter_width=&#8221;2&#8243; specialty=&#8221;on&#8221; padding_top_bottom_link_1=&#8221;false&#8221; padding_top_bottom_link_2=&#8221;false&#8221; padding_left_right_link_1=&#8221;false&#8221; padding_left_right_link_2=&#8221;false&#8221; padding_left_1=&#8221;0px&#8221; padding_left_2=&#8221;0px&#8221; _builder_version=&#8221;4.4.3&#8243;][et_pb_column type=&#8221;1_2&#8243; _builder_version=&#8221;3.25&#8243; custom_padding=&#8221;|||&#8221; custom_padding__hover=&#8221;|||&#8221;][et_pb_image src=&#8221;https:\/\/immunence.com\/es\/wp-content\/uploads\/sites\/9\/2020\/11\/Improvement.jpg&#8221; _builder_version=&#8221;4.7.0&#8243; hover_enabled=&#8221;0&#8243; alt=&#8221;Jose con pl\u00e1tanos en las manos&#8221; title_text=&#8221;Jose con pl\u00e1tanos en las manos&#8221; sticky_enabled=&#8221;0&#8243;][\/et_pb_image][et_pb_image src=&#8221;https:\/\/immunence.com\/es\/wp-content\/uploads\/sites\/9\/2020\/11\/IMG_6697.jpg&#8221; _builder_version=&#8221;4.7.0&#8243; hover_enabled=&#8221;0&#8243; alt=&#8221;Juls y Jose entre vi\u00f1edos&#8221; title_text=&#8221;Juls y Jose entre vi\u00f1edos&#8221; sticky_enabled=&#8221;0&#8243;][\/et_pb_image][et_pb_image src=&#8221;https:\/\/immunence.com\/es\/wp-content\/uploads\/sites\/9\/2020\/11\/Sick_03.jpg&#8221; _builder_version=&#8221;4.7.0&#8243; hover_enabled=&#8221;0&#8243; alt=&#8221;Jose practicando senderismo&#8221; title_text=&#8221;Jose practicando senderismo&#8221; sticky_enabled=&#8221;0&#8243;][\/et_pb_image][\/et_pb_column][et_pb_column type=&#8221;1_2&#8243; specialty_columns=&#8221;2&#8243; _builder_version=&#8221;3.25&#8243; custom_padding=&#8221;|||&#8221; custom_padding__hover=&#8221;|||&#8221;][et_pb_row_inner _builder_version=&#8221;4.4.3&#8243;][et_pb_column_inner saved_specialty_column_type=&#8221;1_2&#8243; _builder_version=&#8221;4.4.3&#8243;][et_pb_image src=&#8221;https:\/\/immunence.com\/es\/wp-content\/uploads\/sites\/9\/2020\/11\/IMG_69931.jpg&#8221; _builder_version=&#8221;4.7.0&#8243; hover_enabled=&#8221;0&#8243; alt=&#8221;Juls y Jose en el coche&#8221; title_text=&#8221;Juls y Jose en el coche&#8221; sticky_enabled=&#8221;0&#8243;][\/et_pb_image][et_pb_image src=&#8221;https:\/\/immunence.com\/es\/wp-content\/uploads\/sites\/9\/2020\/11\/Sick_02.jpg&#8221; _builder_version=&#8221;4.7.0&#8243; hover_enabled=&#8221;0&#8243; alt=&#8221;Jose rodeado de limoneros&#8221; title_text=&#8221;Jose rodeado de limoneros&#8221; sticky_enabled=&#8221;0&#8243;][\/et_pb_image][\/et_pb_column_inner][\/et_pb_row_inner][et_pb_row_inner _builder_version=&#8221;4.4.3&#8243;][et_pb_column_inner saved_specialty_column_type=&#8221;1_2&#8243; _builder_version=&#8221;4.4.3&#8243;][et_pb_image src=&#8221;https:\/\/immunence.com\/es\/wp-content\/uploads\/sites\/9\/2020\/11\/IMG_6208_2.jpg&#8221; _builder_version=&#8221;4.7.0&#8243; hover_enabled=&#8221;0&#8243; alt=&#8221;Juls y Jose&#8221; title_text=&#8221;Juls y Jose&#8221; sticky_enabled=&#8221;0&#8243;][\/et_pb_image][\/et_pb_column_inner][\/et_pb_row_inner][\/et_pb_column][\/et_pb_section]\n","protected":false},"excerpt":{"rendered":"<p>Nuestra HistoriaHola, soy Juls, fundadora de IMMUNENCE y esta es nuestra historia. Aunque soy inglesa, he estada viviendo en Espa\u00f1a durante los \u00faltimos 20 a\u00f1os y he estado con mi alma gemela, Jose, durante 12 a\u00f1os. Desde que lo conozco, ha tenido problemas con el est\u00f3mago y con la comida. B\u00e1sicamente, era una acumulaci\u00f3n de [&hellip;]<\/p>\n","protected":false},"author":1,"featured_media":0,"parent":0,"menu_order":0,"comment_status":"closed","ping_status":"closed","template":"","meta":{"_et_pb_use_builder":"on","_et_pb_old_content":"","_et_gb_content_width":"","footnotes":""},"class_list":["post-59","page","type-page","status-publish","hentry"],"yoast_head":"<!-- This site is optimized with the Yoast SEO plugin v20.8 - https:\/\/yoast.com\/wordpress\/plugins\/seo\/ -->\n<title>Nuestra Historia - Immunence - Alimentos 100% integrales<\/title>\n<meta name=\"description\" content=\"Nuestra historia comenz\u00f3 cuando comenzamos a investigar la ciencia nutricional y encontrar la mejor combinaci\u00f3n de alimentos integrales.\" \/>\n<meta name=\"robots\" content=\"index, follow, max-snippet:-1, max-image-preview:large, max-video-preview:-1\" \/>\n<link rel=\"canonical\" href=\"https:\/\/immunence.com\/es\/nuestra-historia\/\" \/>\n<meta property=\"og:locale\" content=\"es_ES\" \/>\n<meta property=\"og:type\" content=\"article\" \/>\n<meta property=\"og:title\" content=\"Nuestra Historia - Immunence - Alimentos 100% integrales\" \/>\n<meta property=\"og:description\" content=\"Nuestra historia comenz\u00f3 cuando comenzamos a investigar la ciencia nutricional y encontrar la mejor combinaci\u00f3n de alimentos integrales.\" \/>\n<meta property=\"og:url\" content=\"https:\/\/immunence.com\/es\/nuestra-historia\/\" \/>\n<meta property=\"og:site_name\" content=\"Immunence\" \/>\n<meta property=\"article:modified_time\" content=\"2020-12-11T07:10:32+00:00\" \/>\n<meta name=\"twitter:card\" content=\"summary_large_image\" \/>\n<meta name=\"twitter:label1\" content=\"Tiempo de lectura\" \/>\n\t<meta name=\"twitter:data1\" content=\"6 minutos\" \/>\n<script type=\"application\/ld+json\" class=\"yoast-schema-graph\">{\"@context\":\"https:\/\/schema.org\",\"@graph\":[{\"@type\":\"WebPage\",\"@id\":\"https:\/\/immunence.com\/es\/nuestra-historia\/\",\"url\":\"https:\/\/immunence.com\/es\/nuestra-historia\/\",\"name\":\"Nuestra Historia - Immunence - Alimentos 100% integrales\",\"isPartOf\":{\"@id\":\"https:\/\/immunence.com\/es\/#website\"},\"datePublished\":\"2020-11-12T10:58:21+00:00\",\"dateModified\":\"2020-12-11T07:10:32+00:00\",\"description\":\"Nuestra historia comenz\u00f3 cuando comenzamos a investigar la ciencia nutricional y encontrar la mejor combinaci\u00f3n de alimentos integrales.\",\"breadcrumb\":{\"@id\":\"https:\/\/immunence.com\/es\/nuestra-historia\/#breadcrumb\"},\"inLanguage\":\"es\",\"potentialAction\":[{\"@type\":\"ReadAction\",\"target\":[\"https:\/\/immunence.com\/es\/nuestra-historia\/\"]}]},{\"@type\":\"BreadcrumbList\",\"@id\":\"https:\/\/immunence.com\/es\/nuestra-historia\/#breadcrumb\",\"itemListElement\":[{\"@type\":\"ListItem\",\"position\":1,\"name\":\"Home\",\"item\":\"https:\/\/immunence.com\/es\/\"},{\"@type\":\"ListItem\",\"position\":2,\"name\":\"Nuestra Historia\"}]},{\"@type\":\"WebSite\",\"@id\":\"https:\/\/immunence.com\/es\/#website\",\"url\":\"https:\/\/immunence.com\/es\/\",\"name\":\"Immunence\",\"description\":\"Immense Immune Defence\",\"potentialAction\":[{\"@type\":\"SearchAction\",\"target\":{\"@type\":\"EntryPoint\",\"urlTemplate\":\"https:\/\/immunence.com\/es\/?s={search_term_string}\"},\"query-input\":\"required name=search_term_string\"}],\"inLanguage\":\"es\"}]}<\/script>\n<!-- \/ Yoast SEO plugin. -->","yoast_head_json":{"title":"Nuestra Historia - Immunence - Alimentos 100% integrales","description":"Nuestra historia comenz\u00f3 cuando comenzamos a investigar la ciencia nutricional y encontrar la mejor combinaci\u00f3n de alimentos integrales.","robots":{"index":"index","follow":"follow","max-snippet":"max-snippet:-1","max-image-preview":"max-image-preview:large","max-video-preview":"max-video-preview:-1"},"canonical":"https:\/\/immunence.com\/es\/nuestra-historia\/","og_locale":"es_ES","og_type":"article","og_title":"Nuestra Historia - Immunence - Alimentos 100% integrales","og_description":"Nuestra historia comenz\u00f3 cuando comenzamos a investigar la ciencia nutricional y encontrar la mejor combinaci\u00f3n de alimentos integrales.","og_url":"https:\/\/immunence.com\/es\/nuestra-historia\/","og_site_name":"Immunence","article_modified_time":"2020-12-11T07:10:32+00:00","twitter_card":"summary_large_image","twitter_misc":{"Tiempo de lectura":"6 minutos"},"schema":{"@context":"https:\/\/schema.org","@graph":[{"@type":"WebPage","@id":"https:\/\/immunence.com\/es\/nuestra-historia\/","url":"https:\/\/immunence.com\/es\/nuestra-historia\/","name":"Nuestra Historia - Immunence - Alimentos 100% integrales","isPartOf":{"@id":"https:\/\/immunence.com\/es\/#website"},"datePublished":"2020-11-12T10:58:21+00:00","dateModified":"2020-12-11T07:10:32+00:00","description":"Nuestra historia comenz\u00f3 cuando comenzamos a investigar la ciencia nutricional y encontrar la mejor combinaci\u00f3n de alimentos integrales.","breadcrumb":{"@id":"https:\/\/immunence.com\/es\/nuestra-historia\/#breadcrumb"},"inLanguage":"es","potentialAction":[{"@type":"ReadAction","target":["https:\/\/immunence.com\/es\/nuestra-historia\/"]}]},{"@type":"BreadcrumbList","@id":"https:\/\/immunence.com\/es\/nuestra-historia\/#breadcrumb","itemListElement":[{"@type":"ListItem","position":1,"name":"Home","item":"https:\/\/immunence.com\/es\/"},{"@type":"ListItem","position":2,"name":"Nuestra Historia"}]},{"@type":"WebSite","@id":"https:\/\/immunence.com\/es\/#website","url":"https:\/\/immunence.com\/es\/","name":"Immunence","description":"Immense Immune Defence","potentialAction":[{"@type":"SearchAction","target":{"@type":"EntryPoint","urlTemplate":"https:\/\/immunence.com\/es\/?s={search_term_string}"},"query-input":"required name=search_term_string"}],"inLanguage":"es"}]}},"_links":{"self":[{"href":"https:\/\/immunence.com\/es\/wp-json\/wp\/v2\/pages\/59","targetHints":{"allow":["GET"]}}],"collection":[{"href":"https:\/\/immunence.com\/es\/wp-json\/wp\/v2\/pages"}],"about":[{"href":"https:\/\/immunence.com\/es\/wp-json\/wp\/v2\/types\/page"}],"author":[{"embeddable":true,"href":"https:\/\/immunence.com\/es\/wp-json\/wp\/v2\/users\/1"}],"replies":[{"embeddable":true,"href":"https:\/\/immunence.com\/es\/wp-json\/wp\/v2\/comments?post=59"}],"version-history":[{"count":9,"href":"https:\/\/immunence.com\/es\/wp-json\/wp\/v2\/pages\/59\/revisions"}],"predecessor-version":[{"id":1132,"href":"https:\/\/immunence.com\/es\/wp-json\/wp\/v2\/pages\/59\/revisions\/1132"}],"wp:attachment":[{"href":"https:\/\/immunence.com\/es\/wp-json\/wp\/v2\/media?parent=59"}],"curies":[{"name":"wp","href":"https:\/\/api.w.org\/{rel}","templated":true}]}}