{"id":54,"date":"2020-11-12T10:55:31","date_gmt":"2020-11-12T10:55:31","guid":{"rendered":"https:\/\/immunence.com\/es\/?page_id=54"},"modified":"2021-03-03T12:14:16","modified_gmt":"2021-03-03T11:14:16","slug":"preguntas-frecuentes","status":"publish","type":"page","link":"https:\/\/immunence.com\/es\/preguntas-frecuentes\/","title":{"rendered":"Preguntas Frecuentes"},"content":{"rendered":"<p>[et_pb_section fb_built=&#8221;1&#8243; admin_label=&#8221;CTA Section&#8221; _builder_version=&#8221;4.4.3&#8243;][et_pb_row admin_label=&#8221;Header Row&#8221; _builder_version=&#8221;3.25&#8243;][et_pb_column type=&#8221;4_4&#8243; _builder_version=&#8221;3.25&#8243; custom_padding=&#8221;|||&#8221; custom_padding__hover=&#8221;|||&#8221;][et_pb_text _builder_version=&#8221;4.7.0&#8243; text_font=&#8221;Open Sans|600|||||||&#8221; text_font_size=&#8221;16px&#8221; text_line_height=&#8221;1.8em&#8221; header_font=&#8221;Oswald|500|||||||&#8221; header_font_size=&#8221;60px&#8221; header_letter_spacing=&#8221;5px&#8221; header_line_height=&#8221;1.4em&#8221; text_orientation=&#8221;center&#8221; max_width=&#8221;700px&#8221; module_alignment=&#8221;center&#8221; header_font_size_tablet=&#8221;50px&#8221; header_font_size_phone=&#8221;40px&#8221; header_font_size_last_edited=&#8221;on|phone&#8221;]<\/p>\n<h1>Preguntas Frecuentes<\/h1>\n<p>[\/et_pb_text][\/et_pb_column][\/et_pb_row][\/et_pb_section][et_pb_section fb_built=&#8221;1&#8243; _builder_version=&#8221;4.4.1&#8243;][et_pb_row column_structure=&#8221;1_2,1_2&#8243; _builder_version=&#8221;4.4.1&#8243;][et_pb_column type=&#8221;1_2&#8243; _builder_version=&#8221;4.4.1&#8243;][et_pb_image src=&#8221;https:\/\/immunence.com\/es\/wp-content\/uploads\/sites\/9\/2020\/11\/Group-8.png&#8221; _builder_version=&#8221;4.4.3&#8243; max_width_tablet=&#8221;70%&#8221; max_width_phone=&#8221;70%&#8221; max_width_last_edited=&#8221;on|desktop&#8221; module_alignment=&#8221;center&#8221;][\/et_pb_image][\/et_pb_column][et_pb_column type=&#8221;1_2&#8243; _builder_version=&#8221;4.4.1&#8243;][et_pb_text _builder_version=&#8221;4.9.0&#8243; text_font=&#8221;Open Sans|600|||||||&#8221; text_font_size=&#8221;16px&#8221; header_font=&#8221;Oswald||||||||&#8221; header_3_font=&#8221;Oswald|600|||||||&#8221; header_3_text_color=&#8221;#333333&#8243; header_3_font_size=&#8221;26px&#8221; header_3_letter_spacing=&#8221;2px&#8221; header_3_line_height=&#8221;1.4em&#8221; hover_enabled=&#8221;0&#8243; text_font_size_tablet=&#8221;&#8221; text_font_size_phone=&#8221;14px&#8221; text_font_size_last_edited=&#8221;on|phone&#8221; header_3_font_size_tablet=&#8221;&#8221; header_3_font_size_phone=&#8221;21px&#8221; header_3_font_size_last_edited=&#8221;on|phone&#8221; sticky_enabled=&#8221;0&#8243;]<\/p>\n<h3>\u00bfC\u00f3mo debo tomar Immunence para lograr los mejores resultados?<\/h3>\n<p>1 cucharada bien colmada cada ma\u00f1ana, preferiblemente en zumo o batido, o simplemente con agua o zumo de naranja. La protecci\u00f3n inmunitaria se va sumando con el tiempo.<\/p>\n<p>[\/et_pb_text][et_pb_text _builder_version=&#8221;4.9.0&#8243; text_font=&#8221;Open Sans|600|||||||&#8221; text_font_size=&#8221;16px&#8221; header_font=&#8221;Oswald||||||||&#8221; header_3_font=&#8221;Oswald|600|||||||&#8221; header_3_text_color=&#8221;#333333&#8243; header_3_font_size=&#8221;26px&#8221; header_3_letter_spacing=&#8221;2px&#8221; header_3_line_height=&#8221;1.4em&#8221; hover_enabled=&#8221;0&#8243; text_font_size_tablet=&#8221;&#8221; text_font_size_phone=&#8221;14px&#8221; text_font_size_last_edited=&#8221;on|phone&#8221; header_3_font_size_tablet=&#8221;&#8221; header_3_font_size_phone=&#8221;21px&#8221; header_3_font_size_last_edited=&#8221;on|phone&#8221; sticky_enabled=&#8221;0&#8243;]<\/p>\n<h3>\u00bfPUEDO TOMAR IMMUNENCE SI TENGO ALERGIAS ALIMENTARIAS?<\/h3>\n<p>Puede ver la lista completa de <a href=\"https:\/\/immunence.com\/es\/superalimentos\/\" target=\"_blank\" rel=\"noopener noreferrer\">ingredientes aqu\u00ed <\/a>, consulte esta lista para ver los alimentos a los que podr\u00eda ser al\u00e9rgico.[\/et_pb_text][et_pb_text _builder_version=&#8221;4.9.0&#8243; text_font=&#8221;Open Sans|600|||||||&#8221; text_font_size=&#8221;16px&#8221; header_font=&#8221;Oswald||||||||&#8221; header_3_font=&#8221;Oswald|600|||||||&#8221; header_3_text_color=&#8221;#333333&#8243; header_3_font_size=&#8221;26px&#8221; header_3_letter_spacing=&#8221;2px&#8221; header_3_line_height=&#8221;1.4em&#8221; hover_enabled=&#8221;0&#8243; text_font_size_tablet=&#8221;&#8221; text_font_size_phone=&#8221;14px&#8221; text_font_size_last_edited=&#8221;on|phone&#8221; header_3_font_size_tablet=&#8221;&#8221; header_3_font_size_phone=&#8221;21px&#8221; header_3_font_size_last_edited=&#8221;on|phone&#8221; sticky_enabled=&#8221;0&#8243;]<\/p>\n<h3>\u00bfPUEDO DISFRUTAR DE IMMUNENCE SI SOY AL\u00c9RGICO A UNO DE LOS INGREDIENTES?<\/h3>\n<p>Por supuesto, comun\u00edquese con nosotros para recibir una VARIACI\u00d3N PERSONALIZADA de IMMUNENCE con el\/los ingrediente\/s que le provocan alergia eliminado\/s o reemplazado\/s.<\/p>\n<p>[\/et_pb_text][et_pb_text _builder_version=&#8221;4.7.0&#8243; text_font=&#8221;Open Sans|600|||||||&#8221; text_font_size=&#8221;16px&#8221; header_font=&#8221;Oswald||||||||&#8221; header_3_font=&#8221;Oswald|600|||||||&#8221; header_3_text_color=&#8221;#333333&#8243; header_3_font_size=&#8221;26px&#8221; header_3_letter_spacing=&#8221;2px&#8221; header_3_line_height=&#8221;1.4em&#8221; text_font_size_tablet=&#8221;&#8221; text_font_size_phone=&#8221;14px&#8221; text_font_size_last_edited=&#8221;on|phone&#8221; header_3_font_size_tablet=&#8221;&#8221; header_3_font_size_phone=&#8221;21px&#8221; header_3_font_size_last_edited=&#8221;on|phone&#8221;]<\/p>\n<h3>TENGO M\u00c1S O MENOS &#8220;RACIONES&#8221; QUE EL N\u00daMERO INDICADO EN EL PAQUETE<\/h3>\n<p>IMMUNENCE se vende por peso y no por volumen. Cada envase indica el n\u00famero aproximado de raciones.<\/p>\n<p>[\/et_pb_text][et_pb_text _builder_version=&#8221;4.7.0&#8243; text_font=&#8221;|600|||||||&#8221; text_font_size=&#8221;16px&#8221; link_text_color=&#8221;#b2cd3c&#8221; header_4_line_height=&#8221;1.4em&#8221; link_option_url_new_window=&#8221;on&#8221;]<\/p>\n<h4><\/h4>\n<h4>ESTAREMOS MUY FELICES DE CONTESTAR DIRECTAMENTE CUALQUIER OTRA PREGUNTA QUE TENGA .<br \/><\/h4>\n<h4>Solo cont\u00e1cte con nosotros <a href=\"https:\/\/immunence.com\/es\/contacto\/\" target=\"_blank\" rel=\"noopener noreferrer\">aqu\u00ed<\/a><\/h4>\n<p>[\/et_pb_text][\/et_pb_column][\/et_pb_row][\/et_pb_section]<\/p>\n","protected":false},"excerpt":{"rendered":"<p>Preguntas Frecuentes\u00bfC\u00f3mo debo tomar Immunence para lograr los mejores resultados? 1 cucharada bien colmada cada ma\u00f1ana, preferiblemente en zumo o batido, o simplemente con agua o zumo de naranja. La protecci\u00f3n inmunitaria se va sumando con el tiempo.\u00bfPUEDO TOMAR IMMUNENCE SI TENGO ALERGIAS ALIMENTARIAS? Puede ver la lista completa de ingredientes aqu\u00ed , consulte esta [&hellip;]<\/p>\n","protected":false},"author":1,"featured_media":0,"parent":0,"menu_order":0,"comment_status":"closed","ping_status":"closed","template":"","meta":{"_et_pb_use_builder":"on","_et_pb_old_content":"","_et_gb_content_width":"","footnotes":""},"class_list":["post-54","page","type-page","status-publish","hentry"],"yoast_head":"<!-- This site is optimized with the Yoast SEO plugin v20.8 - https:\/\/yoast.com\/wordpress\/plugins\/seo\/ -->\n<title>Preguntas Frecuentes - Immunence<\/title>\n<meta name=\"description\" content=\"Consulte las preguntas frecuentes sobre Immunence para responder cualquier consulta que tenga. Si a\u00fan tiene alguna pregunta, \u00a1cont\u00e1ctenos!\" \/>\n<meta name=\"robots\" content=\"index, follow, max-snippet:-1, max-image-preview:large, max-video-preview:-1\" \/>\n<link rel=\"canonical\" href=\"https:\/\/immunence.com\/es\/preguntas-frecuentes\/\" \/>\n<meta property=\"og:locale\" content=\"es_ES\" \/>\n<meta property=\"og:type\" content=\"article\" \/>\n<meta property=\"og:title\" content=\"Preguntas Frecuentes - Immunence\" \/>\n<meta property=\"og:description\" content=\"Consulte las preguntas frecuentes sobre Immunence para responder cualquier consulta que tenga. Si a\u00fan tiene alguna pregunta, \u00a1cont\u00e1ctenos!\" \/>\n<meta property=\"og:url\" content=\"https:\/\/immunence.com\/es\/preguntas-frecuentes\/\" \/>\n<meta property=\"og:site_name\" content=\"Immunence\" \/>\n<meta property=\"article:modified_time\" content=\"2021-03-03T11:14:16+00:00\" \/>\n<meta name=\"twitter:card\" content=\"summary_large_image\" \/>\n<meta name=\"twitter:label1\" content=\"Tiempo de lectura\" \/>\n\t<meta name=\"twitter:data1\" content=\"3 minutos\" \/>\n<script type=\"application\/ld+json\" class=\"yoast-schema-graph\">{\"@context\":\"https:\/\/schema.org\",\"@graph\":[{\"@type\":\"WebPage\",\"@id\":\"https:\/\/immunence.com\/es\/preguntas-frecuentes\/\",\"url\":\"https:\/\/immunence.com\/es\/preguntas-frecuentes\/\",\"name\":\"Preguntas Frecuentes - Immunence\",\"isPartOf\":{\"@id\":\"https:\/\/immunence.com\/es\/#website\"},\"datePublished\":\"2020-11-12T10:55:31+00:00\",\"dateModified\":\"2021-03-03T11:14:16+00:00\",\"description\":\"Consulte las preguntas frecuentes sobre Immunence para responder cualquier consulta que tenga. Si a\u00fan tiene alguna pregunta, \u00a1cont\u00e1ctenos!\",\"breadcrumb\":{\"@id\":\"https:\/\/immunence.com\/es\/preguntas-frecuentes\/#breadcrumb\"},\"inLanguage\":\"es\",\"potentialAction\":[{\"@type\":\"ReadAction\",\"target\":[\"https:\/\/immunence.com\/es\/preguntas-frecuentes\/\"]}]},{\"@type\":\"BreadcrumbList\",\"@id\":\"https:\/\/immunence.com\/es\/preguntas-frecuentes\/#breadcrumb\",\"itemListElement\":[{\"@type\":\"ListItem\",\"position\":1,\"name\":\"Home\",\"item\":\"https:\/\/immunence.com\/es\/\"},{\"@type\":\"ListItem\",\"position\":2,\"name\":\"Preguntas Frecuentes\"}]},{\"@type\":\"WebSite\",\"@id\":\"https:\/\/immunence.com\/es\/#website\",\"url\":\"https:\/\/immunence.com\/es\/\",\"name\":\"Immunence\",\"description\":\"Immense Immune Defence\",\"potentialAction\":[{\"@type\":\"SearchAction\",\"target\":{\"@type\":\"EntryPoint\",\"urlTemplate\":\"https:\/\/immunence.com\/es\/?s={search_term_string}\"},\"query-input\":\"required name=search_term_string\"}],\"inLanguage\":\"es\"}]}<\/script>\n<!-- \/ Yoast SEO plugin. -->","yoast_head_json":{"title":"Preguntas Frecuentes - Immunence","description":"Consulte las preguntas frecuentes sobre Immunence para responder cualquier consulta que tenga. Si a\u00fan tiene alguna pregunta, \u00a1cont\u00e1ctenos!","robots":{"index":"index","follow":"follow","max-snippet":"max-snippet:-1","max-image-preview":"max-image-preview:large","max-video-preview":"max-video-preview:-1"},"canonical":"https:\/\/immunence.com\/es\/preguntas-frecuentes\/","og_locale":"es_ES","og_type":"article","og_title":"Preguntas Frecuentes - Immunence","og_description":"Consulte las preguntas frecuentes sobre Immunence para responder cualquier consulta que tenga. Si a\u00fan tiene alguna pregunta, \u00a1cont\u00e1ctenos!","og_url":"https:\/\/immunence.com\/es\/preguntas-frecuentes\/","og_site_name":"Immunence","article_modified_time":"2021-03-03T11:14:16+00:00","twitter_card":"summary_large_image","twitter_misc":{"Tiempo de lectura":"3 minutos"},"schema":{"@context":"https:\/\/schema.org","@graph":[{"@type":"WebPage","@id":"https:\/\/immunence.com\/es\/preguntas-frecuentes\/","url":"https:\/\/immunence.com\/es\/preguntas-frecuentes\/","name":"Preguntas Frecuentes - Immunence","isPartOf":{"@id":"https:\/\/immunence.com\/es\/#website"},"datePublished":"2020-11-12T10:55:31+00:00","dateModified":"2021-03-03T11:14:16+00:00","description":"Consulte las preguntas frecuentes sobre Immunence para responder cualquier consulta que tenga. Si a\u00fan tiene alguna pregunta, \u00a1cont\u00e1ctenos!","breadcrumb":{"@id":"https:\/\/immunence.com\/es\/preguntas-frecuentes\/#breadcrumb"},"inLanguage":"es","potentialAction":[{"@type":"ReadAction","target":["https:\/\/immunence.com\/es\/preguntas-frecuentes\/"]}]},{"@type":"BreadcrumbList","@id":"https:\/\/immunence.com\/es\/preguntas-frecuentes\/#breadcrumb","itemListElement":[{"@type":"ListItem","position":1,"name":"Home","item":"https:\/\/immunence.com\/es\/"},{"@type":"ListItem","position":2,"name":"Preguntas Frecuentes"}]},{"@type":"WebSite","@id":"https:\/\/immunence.com\/es\/#website","url":"https:\/\/immunence.com\/es\/","name":"Immunence","description":"Immense Immune Defence","potentialAction":[{"@type":"SearchAction","target":{"@type":"EntryPoint","urlTemplate":"https:\/\/immunence.com\/es\/?s={search_term_string}"},"query-input":"required name=search_term_string"}],"inLanguage":"es"}]}},"_links":{"self":[{"href":"https:\/\/immunence.com\/es\/wp-json\/wp\/v2\/pages\/54","targetHints":{"allow":["GET"]}}],"collection":[{"href":"https:\/\/immunence.com\/es\/wp-json\/wp\/v2\/pages"}],"about":[{"href":"https:\/\/immunence.com\/es\/wp-json\/wp\/v2\/types\/page"}],"author":[{"embeddable":true,"href":"https:\/\/immunence.com\/es\/wp-json\/wp\/v2\/users\/1"}],"replies":[{"embeddable":true,"href":"https:\/\/immunence.com\/es\/wp-json\/wp\/v2\/comments?post=54"}],"version-history":[{"count":10,"href":"https:\/\/immunence.com\/es\/wp-json\/wp\/v2\/pages\/54\/revisions"}],"predecessor-version":[{"id":1285,"href":"https:\/\/immunence.com\/es\/wp-json\/wp\/v2\/pages\/54\/revisions\/1285"}],"wp:attachment":[{"href":"https:\/\/immunence.com\/es\/wp-json\/wp\/v2\/media?parent=54"}],"curies":[{"name":"wp","href":"https:\/\/api.w.org\/{rel}","templated":true}]}}