{"id":49,"date":"2020-11-12T10:38:36","date_gmt":"2020-11-12T10:38:36","guid":{"rendered":"https:\/\/immunence.com\/es\/?page_id=49"},"modified":"2021-07-02T11:59:54","modified_gmt":"2021-07-02T09:59:54","slug":"contacto","status":"publish","type":"page","link":"https:\/\/immunence.com\/es\/contacto\/","title":{"rendered":"Contacto"},"content":{"rendered":"<p>[et_pb_section fb_built=&#8221;1&#8243; admin_label=&#8221;Contact Section&#8221; _builder_version=&#8221;4.4.3&#8243; background_color=&#8221;#ffffff&#8221; background_enable_image=&#8221;off&#8221; background_position=&#8221;bottom_center&#8221; background_last_edited=&#8221;off|desktop&#8221; background_color_gradient_start_position_tablet=&#8221;55%&#8221; background_color_gradient_start_position_phone=&#8221;61%&#8221; background_color_gradient_end_position_tablet=&#8221;100%&#8221; background_color_gradient_end_position_phone=&#8221;89%&#8221; saved_tabs=&#8221;all&#8221;][et_pb_row column_structure=&#8221;1_2,1_2&#8243; admin_label=&#8221;Contact Us Row&#8221; _builder_version=&#8221;4.4.3&#8243;][et_pb_column type=&#8221;1_2&#8243; _builder_version=&#8221;3.25&#8243; custom_padding=&#8221;|||&#8221; custom_padding__hover=&#8221;|||&#8221;][et_pb_text _builder_version=&#8221;4.7.0&#8243; text_font=&#8221;Open Sans|600|||||||&#8221; text_font_size=&#8221;16px&#8221; text_line_height=&#8221;1.8em&#8221; header_font=&#8221;|600|||||||&#8221; header_font_size=&#8221;60px&#8221; header_2_font=&#8221;Oswald|||on|||||&#8221; header_2_font_size=&#8221;45px&#8221; header_2_letter_spacing=&#8221;3px&#8221; header_2_line_height=&#8221;1.4em&#8221; module_alignment=&#8221;center&#8221; custom_margin=&#8221;40px|||&#8221; custom_margin_tablet=&#8221;0px|||&#8221; custom_margin_phone=&#8221;|||&#8221; custom_margin_last_edited=&#8221;on|phone&#8221; text_font_size_tablet=&#8221;&#8221; text_font_size_phone=&#8221;14px&#8221; text_font_size_last_edited=&#8221;on|phone&#8221; header_text_align_tablet=&#8221;center&#8221; header_text_align_last_edited=&#8221;off|phone&#8221; header_font_size_tablet=&#8221;50px&#8221; header_font_size_phone=&#8221;40px&#8221; header_font_size_last_edited=&#8221;on|tablet&#8221;]<\/p>\n<h1>Cont\u00e1ctenos<\/h1>\n<p>IMMUNENCE es nuestra pasi\u00f3n, \u00a1por eso estamos aqu\u00ed para ayudar! Si tienes alguna pregunta sobre IMMUNENCE, c\u00f3mo usarlo o c\u00f3mo podr\u00eda ayudarte, simplemente env\u00edanos una nota a trav\u00e9s de este formulario y nos comunicaremos contigo lo antes posible.<\/p>\n<p>[\/et_pb_text][et_pb_blurb use_icon=&#8221;on&#8221; font_icon=&#8221;%%109%%&#8221; icon_placement=&#8221;left&#8221; use_icon_font_size=&#8221;on&#8221; icon_font_size=&#8221;30px&#8221; admin_label=&#8221;Email&#8221; _builder_version=&#8221;4.9.0&#8243; header_level=&#8221;h6&#8243; header_font=&#8221;Oswald|||on|||||&#8221; header_font_size=&#8221;16px&#8221; header_letter_spacing=&#8221;2px&#8221; header_line_height=&#8221;1.7em&#8221; body_font=&#8221;Open Sans|600|||||||&#8221; body_text_color=&#8221;#333333&#8243; animation=&#8221;off&#8221; hover_enabled=&#8221;0&#8243; sticky_enabled=&#8221;0&#8243;]<\/p>\n<p><a href=\"mailto:hello@immunence.com\">hello@immunence.com<\/a><\/p>\n<p>[\/et_pb_blurb][\/et_pb_column][et_pb_column type=&#8221;1_2&#8243; _builder_version=&#8221;3.25&#8243; custom_padding=&#8221;|||&#8221; custom_padding__hover=&#8221;|||&#8221;][et_pb_contact_form use_spam_service=&#8221;on&#8221; recaptcha_list=&#8221;Default|Default-0&#8243; email=&#8221;hello@immunence.com&#8221; module_id=&#8221;et_pb_contact_form_0&#8243; _builder_version=&#8221;4.7.0&#8243; form_field_background_color=&#8221;rgba(255,255,255,0.4)&#8221; form_field_text_color=&#8221;rgba(0,0,0,0.4)&#8221; form_field_font=&#8221;Open Sans|600|||||||&#8221; form_field_font_size=&#8221;14px&#8221; custom_button=&#8221;on&#8221; button_text_size=&#8221;20px&#8221; custom_padding=&#8221;4.5em||||false|false&#8221; form_field_font_size_tablet=&#8221;&#8221; form_field_font_size_phone=&#8221;&#8221; form_field_font_size_last_edited=&#8221;on|phone&#8221; border_width_all=&#8221;2px&#8221; border_color_all=&#8221;rgba(51,51,51,0.1)&#8221; form_background_color=&#8221;rgba(255,255,255,0.4)&#8221; button_text_color_hover=&#8221;#ffffff&#8221; button_bg_color_hover=&#8221;rgba(0,0,0,0.7)&#8221; button_border_color_hover=&#8221;rgba(0,0,0,0)&#8221; button_border_radius_hover=&#8221;29px&#8221; button_letter_spacing_hover=&#8221;2px&#8221;][et_pb_contact_field field_id=&#8221;Name&#8221; field_title=&#8221;Nombre&#8221; _builder_version=&#8221;4.7.0&#8243; button_text_size__hover_enabled=&#8221;off&#8221; button_one_text_size__hover_enabled=&#8221;off&#8221; button_two_text_size__hover_enabled=&#8221;off&#8221; button_text_color__hover_enabled=&#8221;off&#8221; button_one_text_color__hover_enabled=&#8221;off&#8221; button_two_text_color__hover_enabled=&#8221;off&#8221; button_border_width__hover_enabled=&#8221;off&#8221; button_one_border_width__hover_enabled=&#8221;off&#8221; button_two_border_width__hover_enabled=&#8221;off&#8221; button_border_color__hover_enabled=&#8221;off&#8221; button_one_border_color__hover_enabled=&#8221;off&#8221; button_two_border_color__hover_enabled=&#8221;off&#8221; button_border_radius__hover_enabled=&#8221;off&#8221; button_one_border_radius__hover_enabled=&#8221;off&#8221; button_two_border_radius__hover_enabled=&#8221;off&#8221; button_letter_spacing__hover_enabled=&#8221;off&#8221; button_one_letter_spacing__hover_enabled=&#8221;off&#8221; button_two_letter_spacing__hover_enabled=&#8221;off&#8221; button_bg_color__hover_enabled=&#8221;off&#8221; button_one_bg_color__hover_enabled=&#8221;off&#8221; button_two_bg_color__hover_enabled=&#8221;off&#8221;][\/et_pb_contact_field][et_pb_contact_field field_id=&#8221;Email&#8221; field_title=&#8221;Correo electr\u00f3nico&#8221; field_type=&#8221;email&#8221; _builder_version=&#8221;4.7.0&#8243; button_text_size__hover_enabled=&#8221;off&#8221; button_one_text_size__hover_enabled=&#8221;off&#8221; button_two_text_size__hover_enabled=&#8221;off&#8221; button_text_color__hover_enabled=&#8221;off&#8221; button_one_text_color__hover_enabled=&#8221;off&#8221; button_two_text_color__hover_enabled=&#8221;off&#8221; button_border_width__hover_enabled=&#8221;off&#8221; button_one_border_width__hover_enabled=&#8221;off&#8221; button_two_border_width__hover_enabled=&#8221;off&#8221; button_border_color__hover_enabled=&#8221;off&#8221; button_one_border_color__hover_enabled=&#8221;off&#8221; button_two_border_color__hover_enabled=&#8221;off&#8221; button_border_radius__hover_enabled=&#8221;off&#8221; button_one_border_radius__hover_enabled=&#8221;off&#8221; button_two_border_radius__hover_enabled=&#8221;off&#8221; button_letter_spacing__hover_enabled=&#8221;off&#8221; button_one_letter_spacing__hover_enabled=&#8221;off&#8221; button_two_letter_spacing__hover_enabled=&#8221;off&#8221; button_bg_color__hover_enabled=&#8221;off&#8221; button_one_bg_color__hover_enabled=&#8221;off&#8221; button_two_bg_color__hover_enabled=&#8221;off&#8221;][\/et_pb_contact_field][et_pb_contact_field field_id=&#8221;Message&#8221; field_title=&#8221;Mensaje&#8221; field_type=&#8221;text&#8221; fullwidth_field=&#8221;on&#8221; _builder_version=&#8221;4.7.0&#8243; button_text_size__hover_enabled=&#8221;off&#8221; button_one_text_size__hover_enabled=&#8221;off&#8221; button_two_text_size__hover_enabled=&#8221;off&#8221; button_text_color__hover_enabled=&#8221;off&#8221; button_one_text_color__hover_enabled=&#8221;off&#8221; button_two_text_color__hover_enabled=&#8221;off&#8221; button_border_width__hover_enabled=&#8221;off&#8221; button_one_border_width__hover_enabled=&#8221;off&#8221; button_two_border_width__hover_enabled=&#8221;off&#8221; button_border_color__hover_enabled=&#8221;off&#8221; button_one_border_color__hover_enabled=&#8221;off&#8221; button_two_border_color__hover_enabled=&#8221;off&#8221; button_border_radius__hover_enabled=&#8221;off&#8221; button_one_border_radius__hover_enabled=&#8221;off&#8221; button_two_border_radius__hover_enabled=&#8221;off&#8221; button_letter_spacing__hover_enabled=&#8221;off&#8221; button_one_letter_spacing__hover_enabled=&#8221;off&#8221; button_two_letter_spacing__hover_enabled=&#8221;off&#8221; button_bg_color__hover_enabled=&#8221;off&#8221; button_one_bg_color__hover_enabled=&#8221;off&#8221; button_two_bg_color__hover_enabled=&#8221;off&#8221;][\/et_pb_contact_field][et_pb_contact_field field_id=&#8221;Field_4&#8243; field_title=&#8221; &#8221; field_type=&#8221;checkbox&#8221; checkbox_options=&#8221;%91{%22value%22:%22Al utilizar este formulario, acepta que este sitio web almacene y utilice sus datos. *%22,%22checked%22:1,%22dragID%22:-1}%93&#8243; fullwidth_field=&#8221;on&#8221; _builder_version=&#8221;4.7.0&#8243;][\/et_pb_contact_field][\/et_pb_contact_form][et_pb_text _builder_version=&#8221;4.7.0&#8243;]<span>* La informaci\u00f3n ingresada en esta p\u00e1gina no se utilizar\u00e1 para enviar correos electr\u00f3nicos no solicitados, y no se vender\u00e1 a terceros. Leer m\u00e1s en nuestra <\/span><a href=\"https:\/\/immunence.com\/es\/politica-de-privacidad\/\" target=\"_blank\" rel=\"noopener noreferrer\">Pol\u00edtica de Privacidad<\/a>[\/et_pb_text][et_pb_code _builder_version=&#8221;4.7.0&#8243;]Este sitio est\u00e1 protegido por reCAPTCHA y la<!-- [et_pb_line_break_holder] -->    <a href=\"https:\/\/policies.google.com\/privacy\">Pol\u00edtica de Privacidad<\/a> y los <!-- [et_pb_line_break_holder] -->    <a href=\"https:\/\/policies.google.com\/terms\">T\u00e9rminos de uso<\/a> aplicados por Google.[\/et_pb_code][\/et_pb_column][\/et_pb_row][\/et_pb_section][et_pb_section fb_built=&#8221;1&#8243; fullwidth=&#8221;on&#8221; _builder_version=&#8221;4.4.3&#8243;][et_pb_fullwidth_image src=&#8221;https:\/\/immunence.com\/es\/wp-content\/uploads\/sites\/9\/2020\/11\/Immunence-banner-product.jpg&#8221; _builder_version=&#8221;4.4.3&#8243;][\/et_pb_fullwidth_image][\/et_pb_section][et_pb_section fb_built=&#8221;1&#8243; _builder_version=&#8221;4.4.1&#8243;][et_pb_row _builder_version=&#8221;4.4.1&#8243;][et_pb_column type=&#8221;4_4&#8243; _builder_version=&#8221;4.4.1&#8243;][et_pb_text _builder_version=&#8221;4.7.0&#8243; header_3_font=&#8221;||||||||&#8221; header_4_font=&#8221;|600||on|||||&#8221; header_4_text_align=&#8221;center&#8221; header_4_text_color=&#8221;#333&#8243; header_5_font=&#8221;|600|||||||&#8221; header_5_text_align=&#8221;center&#8221;]<\/p>\n<h4>\u00danate a la comunidad para mejorar tu salud y tu inmunidad:<\/h4>\n<p>[\/et_pb_text][et_pb_social_media_follow use_icon_font_size=&#8221;on&#8221; icon_font_size=&#8221;25px&#8221; icon_font_size_tablet=&#8221;&#8221; icon_font_size_phone=&#8221;18px&#8221; icon_font_size_last_edited=&#8221;on|tablet&#8221; _builder_version=&#8221;4.4.3&#8243; text_orientation=&#8221;center&#8221; width_tablet=&#8221;&#8221; width_phone=&#8221;&#8221; width_last_edited=&#8221;on|phone&#8221; module_alignment=&#8221;center&#8221; custom_margin=&#8221;0px||0px||false|false&#8221; mix_blend_mode=&#8221;multiply&#8221; border_radii=&#8221;on|100px|100px|100px|100px&#8221;][et_pb_social_media_follow_network social_network=&#8221;twitter&#8221; url=&#8221;https:\/\/twitter.com\/loveimmunence&#8221; icon_color=&#8221;#ffffff&#8221; _builder_version=&#8221;4.4.3&#8243; background_color=&#8221;#00aced&#8221; custom_margin=&#8221;|2%||2%|false|true&#8221; custom_margin_tablet=&#8221;&#8221; custom_margin_phone=&#8221;|1%||1%|false|true&#8221; custom_margin_last_edited=&#8221;on|phone&#8221; custom_padding=&#8221;12px|12px|12px|12px|true|true&#8221; custom_padding_tablet=&#8221;&#8221; custom_padding_phone=&#8221;10px|10px|10px|10px|true|true&#8221; custom_padding_last_edited=&#8221;on|phone&#8221; follow_button=&#8221;off&#8221; url_new_window=&#8221;on&#8221;]twitter[\/et_pb_social_media_follow_network][et_pb_social_media_follow_network social_network=&#8221;instagram&#8221; url=&#8221;https:\/\/www.instagram.com\/loveimmunence\/&#8221; _builder_version=&#8221;4.4.3&#8243; background_color=&#8221;#ea2c59&#8243; custom_margin=&#8221;|2%||2%|false|false&#8221; custom_margin_tablet=&#8221;&#8221; custom_margin_phone=&#8221;|1%||1%|false|true&#8221; custom_margin_last_edited=&#8221;on|phone&#8221; custom_padding=&#8221;12px|12px|12px|12px|true|true&#8221; custom_padding_tablet=&#8221;&#8221; custom_padding_phone=&#8221;10px|10px|10px|10px|true|true&#8221; custom_padding_last_edited=&#8221;on|phone&#8221; follow_button=&#8221;off&#8221; url_new_window=&#8221;on&#8221;]instagram[\/et_pb_social_media_follow_network][et_pb_social_media_follow_network social_network=&#8221;facebook&#8221; url=&#8221;https:\/\/www.facebook.com\/Immunence-106111907771462&#8243; _builder_version=&#8221;4.4.3&#8243; background_color=&#8221;#3b5998&#8243; custom_margin=&#8221;|2%||2%|false|false&#8221; custom_margin_tablet=&#8221;&#8221; custom_margin_phone=&#8221;|1%||1%|false|true&#8221; custom_margin_last_edited=&#8221;on|phone&#8221; custom_padding=&#8221;12px|12px|12px|12px|true|true&#8221; custom_padding_tablet=&#8221;&#8221; custom_padding_phone=&#8221;10px|10px|10px|10px|true|true&#8221; custom_padding_last_edited=&#8221;on|phone&#8221; follow_button=&#8221;off&#8221; url_new_window=&#8221;on&#8221;]facebook[\/et_pb_social_media_follow_network][\/et_pb_social_media_follow][\/et_pb_column][\/et_pb_row][\/et_pb_section]<\/p>\n","protected":false},"excerpt":{"rendered":"<p>Cont\u00e1ctenos IMMUNENCE es nuestra pasi\u00f3n, \u00a1por eso estamos aqu\u00ed para ayudar! Si tienes alguna pregunta sobre IMMUNENCE, c\u00f3mo usarlo o c\u00f3mo podr\u00eda ayudarte, simplemente env\u00edanos una nota a trav\u00e9s de este formulario y nos comunicaremos contigo lo antes posible.hello@immunence.com* La informaci\u00f3n ingresada en esta p\u00e1gina no se utilizar\u00e1 para enviar correos electr\u00f3nicos no solicitados, y [&hellip;]<\/p>\n","protected":false},"author":1,"featured_media":0,"parent":0,"menu_order":0,"comment_status":"closed","ping_status":"closed","template":"","meta":{"_et_pb_use_builder":"on","_et_pb_old_content":"","_et_gb_content_width":"","footnotes":""},"class_list":["post-49","page","type-page","status-publish","hentry"],"yoast_head":"<!-- This site is optimized with the Yoast SEO plugin v20.8 - https:\/\/yoast.com\/wordpress\/plugins\/seo\/ -->\n<title>Contacto - Immunence refuerza tu Sistema Inmunitario<\/title>\n<meta name=\"description\" content=\"Si tiene alguna pregunta sobre IMMUNENCE, c\u00f3mo usarlo o c\u00f3mo podr\u00eda ayudarte, simplemente env\u00edanos una nota a trav\u00e9s de este formulario.\" \/>\n<meta name=\"robots\" content=\"index, follow, max-snippet:-1, max-image-preview:large, max-video-preview:-1\" \/>\n<link rel=\"canonical\" href=\"https:\/\/immunence.com\/es\/contacto\/\" \/>\n<meta property=\"og:locale\" content=\"es_ES\" \/>\n<meta property=\"og:type\" content=\"article\" \/>\n<meta property=\"og:title\" content=\"Contacto - Immunence refuerza tu Sistema Inmunitario\" \/>\n<meta property=\"og:description\" content=\"Si tiene alguna pregunta sobre IMMUNENCE, c\u00f3mo usarlo o c\u00f3mo podr\u00eda ayudarte, simplemente env\u00edanos una nota a trav\u00e9s de este formulario.\" \/>\n<meta property=\"og:url\" content=\"https:\/\/immunence.com\/es\/contacto\/\" \/>\n<meta property=\"og:site_name\" content=\"Immunence\" \/>\n<meta property=\"article:modified_time\" content=\"2021-07-02T09:59:54+00:00\" \/>\n<meta name=\"twitter:card\" content=\"summary_large_image\" \/>\n<meta name=\"twitter:label1\" content=\"Tiempo de lectura\" \/>\n\t<meta name=\"twitter:data1\" content=\"7 minutos\" \/>\n<script type=\"application\/ld+json\" class=\"yoast-schema-graph\">{\"@context\":\"https:\/\/schema.org\",\"@graph\":[{\"@type\":[\"WebPage\",\"ContactPage\"],\"@id\":\"https:\/\/immunence.com\/es\/contacto\/\",\"url\":\"https:\/\/immunence.com\/es\/contacto\/\",\"name\":\"Contacto - Immunence refuerza tu Sistema Inmunitario\",\"isPartOf\":{\"@id\":\"https:\/\/immunence.com\/es\/#website\"},\"datePublished\":\"2020-11-12T10:38:36+00:00\",\"dateModified\":\"2021-07-02T09:59:54+00:00\",\"description\":\"Si tiene alguna pregunta sobre IMMUNENCE, c\u00f3mo usarlo o c\u00f3mo podr\u00eda ayudarte, simplemente env\u00edanos una nota a trav\u00e9s de este formulario.\",\"breadcrumb\":{\"@id\":\"https:\/\/immunence.com\/es\/contacto\/#breadcrumb\"},\"inLanguage\":\"es\",\"potentialAction\":[{\"@type\":\"ReadAction\",\"target\":[\"https:\/\/immunence.com\/es\/contacto\/\"]}]},{\"@type\":\"BreadcrumbList\",\"@id\":\"https:\/\/immunence.com\/es\/contacto\/#breadcrumb\",\"itemListElement\":[{\"@type\":\"ListItem\",\"position\":1,\"name\":\"Home\",\"item\":\"https:\/\/immunence.com\/es\/\"},{\"@type\":\"ListItem\",\"position\":2,\"name\":\"Contacto\"}]},{\"@type\":\"WebSite\",\"@id\":\"https:\/\/immunence.com\/es\/#website\",\"url\":\"https:\/\/immunence.com\/es\/\",\"name\":\"Immunence\",\"description\":\"Immense Immune Defence\",\"potentialAction\":[{\"@type\":\"SearchAction\",\"target\":{\"@type\":\"EntryPoint\",\"urlTemplate\":\"https:\/\/immunence.com\/es\/?s={search_term_string}\"},\"query-input\":\"required name=search_term_string\"}],\"inLanguage\":\"es\"}]}<\/script>\n<!-- \/ Yoast SEO plugin. -->","yoast_head_json":{"title":"Contacto - Immunence refuerza tu Sistema Inmunitario","description":"Si tiene alguna pregunta sobre IMMUNENCE, c\u00f3mo usarlo o c\u00f3mo podr\u00eda ayudarte, simplemente env\u00edanos una nota a trav\u00e9s de este formulario.","robots":{"index":"index","follow":"follow","max-snippet":"max-snippet:-1","max-image-preview":"max-image-preview:large","max-video-preview":"max-video-preview:-1"},"canonical":"https:\/\/immunence.com\/es\/contacto\/","og_locale":"es_ES","og_type":"article","og_title":"Contacto - Immunence refuerza tu Sistema Inmunitario","og_description":"Si tiene alguna pregunta sobre IMMUNENCE, c\u00f3mo usarlo o c\u00f3mo podr\u00eda ayudarte, simplemente env\u00edanos una nota a trav\u00e9s de este formulario.","og_url":"https:\/\/immunence.com\/es\/contacto\/","og_site_name":"Immunence","article_modified_time":"2021-07-02T09:59:54+00:00","twitter_card":"summary_large_image","twitter_misc":{"Tiempo de lectura":"7 minutos"},"schema":{"@context":"https:\/\/schema.org","@graph":[{"@type":["WebPage","ContactPage"],"@id":"https:\/\/immunence.com\/es\/contacto\/","url":"https:\/\/immunence.com\/es\/contacto\/","name":"Contacto - Immunence refuerza tu Sistema Inmunitario","isPartOf":{"@id":"https:\/\/immunence.com\/es\/#website"},"datePublished":"2020-11-12T10:38:36+00:00","dateModified":"2021-07-02T09:59:54+00:00","description":"Si tiene alguna pregunta sobre IMMUNENCE, c\u00f3mo usarlo o c\u00f3mo podr\u00eda ayudarte, simplemente env\u00edanos una nota a trav\u00e9s de este formulario.","breadcrumb":{"@id":"https:\/\/immunence.com\/es\/contacto\/#breadcrumb"},"inLanguage":"es","potentialAction":[{"@type":"ReadAction","target":["https:\/\/immunence.com\/es\/contacto\/"]}]},{"@type":"BreadcrumbList","@id":"https:\/\/immunence.com\/es\/contacto\/#breadcrumb","itemListElement":[{"@type":"ListItem","position":1,"name":"Home","item":"https:\/\/immunence.com\/es\/"},{"@type":"ListItem","position":2,"name":"Contacto"}]},{"@type":"WebSite","@id":"https:\/\/immunence.com\/es\/#website","url":"https:\/\/immunence.com\/es\/","name":"Immunence","description":"Immense Immune Defence","potentialAction":[{"@type":"SearchAction","target":{"@type":"EntryPoint","urlTemplate":"https:\/\/immunence.com\/es\/?s={search_term_string}"},"query-input":"required name=search_term_string"}],"inLanguage":"es"}]}},"_links":{"self":[{"href":"https:\/\/immunence.com\/es\/wp-json\/wp\/v2\/pages\/49","targetHints":{"allow":["GET"]}}],"collection":[{"href":"https:\/\/immunence.com\/es\/wp-json\/wp\/v2\/pages"}],"about":[{"href":"https:\/\/immunence.com\/es\/wp-json\/wp\/v2\/types\/page"}],"author":[{"embeddable":true,"href":"https:\/\/immunence.com\/es\/wp-json\/wp\/v2\/users\/1"}],"replies":[{"embeddable":true,"href":"https:\/\/immunence.com\/es\/wp-json\/wp\/v2\/comments?post=49"}],"version-history":[{"count":11,"href":"https:\/\/immunence.com\/es\/wp-json\/wp\/v2\/pages\/49\/revisions"}],"predecessor-version":[{"id":1298,"href":"https:\/\/immunence.com\/es\/wp-json\/wp\/v2\/pages\/49\/revisions\/1298"}],"wp:attachment":[{"href":"https:\/\/immunence.com\/es\/wp-json\/wp\/v2\/media?parent=49"}],"curies":[{"name":"wp","href":"https:\/\/api.w.org\/{rel}","templated":true}]}}