{"id":460,"date":"2020-11-12T14:18:08","date_gmt":"2020-11-12T14:18:08","guid":{"rendered":"https:\/\/immunence.com\/es\/?page_id=460"},"modified":"2020-12-11T07:01:17","modified_gmt":"2020-12-11T06:01:17","slug":"ciencia-de-la-nutricion","status":"publish","type":"page","link":"https:\/\/immunence.com\/es\/ciencia-de-la-nutricion\/","title":{"rendered":"Ciencia de la Nutrici\u00f3n"},"content":{"rendered":"\n[et_pb_section fb_built=&#8221;1&#8243; _builder_version=&#8221;4.4.1&#8243;][et_pb_row admin_label=&#8221;Intro Row&#8221; _builder_version=&#8221;3.25&#8243;][et_pb_column type=&#8221;4_4&#8243; _builder_version=&#8221;3.25&#8243; custom_padding=&#8221;|||&#8221; custom_padding__hover=&#8221;|||&#8221;][et_pb_text _builder_version=&#8221;4.7.0&#8243; text_font=&#8221;|600|||||||&#8221; text_font_size=&#8221;16px&#8221; header_font=&#8221;Oswald|500||on|||||&#8221; header_text_align=&#8221;center&#8221; header_text_color=&#8221;#333333&#8243; header_font_size=&#8221;60px&#8221; header_letter_spacing=&#8221;5px&#8221; text_orientation=&#8221;center&#8221; text_font_size_tablet=&#8221;&#8221; text_font_size_phone=&#8221;14px&#8221; text_font_size_last_edited=&#8221;on|phone&#8221; header_font_size_tablet=&#8221;50px&#8221; header_font_size_phone=&#8221;40px&#8221; header_font_size_last_edited=&#8221;on|tablet&#8221;]<h1>La Ciencia de la Nutrici\u00f3n detr\u00e1s de IMMUNENCE<\/h1>\n<p>&nbsp;<\/p>\n<p>Los art\u00edculos presentados en esta p\u00e1gina salen de las principales revistas m\u00e9dicas internacionales, de donde IMMUNNECE obtuvo los datos cient\u00edficos nutricionales para crear nuestra mezcla \u00fanica de ingredientes de superalimentos.<\/p>\n<p>Nuestra principal prioridad al crear IMMNUNECE fue asegurarnos de que todos los <a href=\"https:\/\/immunence.com\/es\/superalimentos\/\">ingredientes<\/a> utilizados desempe\u00f1aran un papel en la estimulaci\u00f3n del sistema inmunitario y lo ayudaran a mejorar.<\/p>\n<p><span>Esto significa que pueden ser un poco dif\u00edciles de leer, pero era importante demostrar que los ingredientes seleccionados para INMUNENCIE provienen de la ciencia real y no son solo ant\u00eddotos u opiniones (incluso si esas opiniones son de &#8220;expertos&#8221;).<\/span><\/p>\n<p>Hemos intentado seleccionar estudios de META-AN\u00c1LISIS siempre que han estado disponibles. El\u00a0<a href=\"https:\/\/www.nih.gov\/\">Instituto Nacional de la Salud<\/a> lo describe como:<\/p>\n<p><em>\u201cUn dise\u00f1o de estudio epidemiol\u00f3gico, formal y cuantitativo utilizado para evaluar sistem\u00e1ticamente los resultados de <strong>investigaciones<\/strong> previas para derivar conclusiones sobre ese cuerpo de investigaci\u00f3n. Por lo general, pero no necesariamente, el estudio se basa en ensayos <strong>cl\u00ednicos controlados aleatorios<\/strong>&#8220;<\/em><\/p>[\/et_pb_text][\/et_pb_column][\/et_pb_row][et_pb_row _builder_version=&#8221;4.4.1&#8243;][et_pb_column type=&#8221;4_4&#8243; _builder_version=&#8221;4.4.1&#8243;][et_pb_blog fullwidth=&#8221;off&#8221; posts_number=&#8221;9&#8243; include_categories=&#8221;25&#8243; _builder_version=&#8221;4.7.0&#8243; header_font=&#8221;Oswald|500||on|||||&#8221; header_text_color=&#8221;#333333&#8243; header_font_size=&#8221;18px&#8221; header_letter_spacing=&#8221;2px&#8221; header_line_height=&#8221;1.4em&#8221; body_font=&#8221;|600|||||||&#8221; pagination_font=&#8221;|600|||||||&#8221; pagination_text_align=&#8221;center&#8221; pagination_font_size=&#8221;18px&#8221; border_width_all=&#8221;0px&#8221; box_shadow_style=&#8221;preset1&#8243; box_shadow_blur=&#8221;7px&#8221;][\/et_pb_blog][\/et_pb_column][\/et_pb_row][\/et_pb_section]\n","protected":false},"excerpt":{"rendered":"<p>La Ciencia de la Nutrici\u00f3n detr\u00e1s de IMMUNENCE &nbsp; Los art\u00edculos presentados en esta p\u00e1gina salen de las principales revistas m\u00e9dicas internacionales, de donde IMMUNNECE obtuvo los datos cient\u00edficos nutricionales para crear nuestra mezcla \u00fanica de ingredientes de superalimentos. Nuestra principal prioridad al crear IMMNUNECE fue asegurarnos de que todos los ingredientes utilizados desempe\u00f1aran un [&hellip;]<\/p>\n","protected":false},"author":1,"featured_media":0,"parent":0,"menu_order":0,"comment_status":"closed","ping_status":"closed","template":"","meta":{"_et_pb_use_builder":"on","_et_pb_old_content":"","_et_gb_content_width":"","footnotes":""},"class_list":["post-460","page","type-page","status-publish","hentry"],"yoast_head":"<!-- This site is optimized with the Yoast SEO plugin v20.8 - https:\/\/yoast.com\/wordpress\/plugins\/seo\/ -->\n<title>Ciencia de la Nutrici\u00f3n - Immunence refuerza la salud y otorga vitalidad<\/title>\n<meta name=\"description\" content=\"Immunence se elabor\u00f3 en base a la ciencia de la nutrici\u00f3n para garantizar que la uni\u00f3n de sus superalimentos maximice la vitalidad y la salud\" \/>\n<meta name=\"robots\" content=\"index, follow, max-snippet:-1, max-image-preview:large, max-video-preview:-1\" \/>\n<link rel=\"canonical\" href=\"https:\/\/immunence.com\/es\/ciencia-de-la-nutricion\/\" \/>\n<meta property=\"og:locale\" content=\"es_ES\" \/>\n<meta property=\"og:type\" content=\"article\" \/>\n<meta property=\"og:title\" content=\"Ciencia de la Nutrici\u00f3n - Immunence refuerza la salud y otorga vitalidad\" \/>\n<meta property=\"og:description\" content=\"Immunence se elabor\u00f3 en base a la ciencia de la nutrici\u00f3n para garantizar que la uni\u00f3n de sus superalimentos maximice la vitalidad y la salud\" \/>\n<meta property=\"og:url\" content=\"https:\/\/immunence.com\/es\/ciencia-de-la-nutricion\/\" \/>\n<meta property=\"og:site_name\" content=\"Immunence\" \/>\n<meta property=\"article:modified_time\" content=\"2020-12-11T06:01:17+00:00\" \/>\n<meta name=\"twitter:card\" content=\"summary_large_image\" \/>\n<meta name=\"twitter:label1\" content=\"Tiempo de lectura\" \/>\n\t<meta name=\"twitter:data1\" content=\"2 minutos\" \/>\n<script type=\"application\/ld+json\" class=\"yoast-schema-graph\">{\"@context\":\"https:\/\/schema.org\",\"@graph\":[{\"@type\":\"WebPage\",\"@id\":\"https:\/\/immunence.com\/es\/ciencia-de-la-nutricion\/\",\"url\":\"https:\/\/immunence.com\/es\/ciencia-de-la-nutricion\/\",\"name\":\"Ciencia de la Nutrici\u00f3n - Immunence refuerza la salud y otorga vitalidad\",\"isPartOf\":{\"@id\":\"https:\/\/immunence.com\/es\/#website\"},\"datePublished\":\"2020-11-12T14:18:08+00:00\",\"dateModified\":\"2020-12-11T06:01:17+00:00\",\"description\":\"Immunence se elabor\u00f3 en base a la ciencia de la nutrici\u00f3n para garantizar que la uni\u00f3n de sus superalimentos maximice la vitalidad y la salud\",\"breadcrumb\":{\"@id\":\"https:\/\/immunence.com\/es\/ciencia-de-la-nutricion\/#breadcrumb\"},\"inLanguage\":\"es\",\"potentialAction\":[{\"@type\":\"ReadAction\",\"target\":[\"https:\/\/immunence.com\/es\/ciencia-de-la-nutricion\/\"]}]},{\"@type\":\"BreadcrumbList\",\"@id\":\"https:\/\/immunence.com\/es\/ciencia-de-la-nutricion\/#breadcrumb\",\"itemListElement\":[{\"@type\":\"ListItem\",\"position\":1,\"name\":\"Home\",\"item\":\"https:\/\/immunence.com\/es\/\"},{\"@type\":\"ListItem\",\"position\":2,\"name\":\"Ciencia de la Nutrici\u00f3n\"}]},{\"@type\":\"WebSite\",\"@id\":\"https:\/\/immunence.com\/es\/#website\",\"url\":\"https:\/\/immunence.com\/es\/\",\"name\":\"Immunence\",\"description\":\"Immense Immune Defence\",\"potentialAction\":[{\"@type\":\"SearchAction\",\"target\":{\"@type\":\"EntryPoint\",\"urlTemplate\":\"https:\/\/immunence.com\/es\/?s={search_term_string}\"},\"query-input\":\"required name=search_term_string\"}],\"inLanguage\":\"es\"}]}<\/script>\n<!-- \/ Yoast SEO plugin. -->","yoast_head_json":{"title":"Ciencia de la Nutrici\u00f3n - Immunence refuerza la salud y otorga vitalidad","description":"Immunence se elabor\u00f3 en base a la ciencia de la nutrici\u00f3n para garantizar que la uni\u00f3n de sus superalimentos maximice la vitalidad y la salud","robots":{"index":"index","follow":"follow","max-snippet":"max-snippet:-1","max-image-preview":"max-image-preview:large","max-video-preview":"max-video-preview:-1"},"canonical":"https:\/\/immunence.com\/es\/ciencia-de-la-nutricion\/","og_locale":"es_ES","og_type":"article","og_title":"Ciencia de la Nutrici\u00f3n - Immunence refuerza la salud y otorga vitalidad","og_description":"Immunence se elabor\u00f3 en base a la ciencia de la nutrici\u00f3n para garantizar que la uni\u00f3n de sus superalimentos maximice la vitalidad y la salud","og_url":"https:\/\/immunence.com\/es\/ciencia-de-la-nutricion\/","og_site_name":"Immunence","article_modified_time":"2020-12-11T06:01:17+00:00","twitter_card":"summary_large_image","twitter_misc":{"Tiempo de lectura":"2 minutos"},"schema":{"@context":"https:\/\/schema.org","@graph":[{"@type":"WebPage","@id":"https:\/\/immunence.com\/es\/ciencia-de-la-nutricion\/","url":"https:\/\/immunence.com\/es\/ciencia-de-la-nutricion\/","name":"Ciencia de la Nutrici\u00f3n - Immunence refuerza la salud y otorga vitalidad","isPartOf":{"@id":"https:\/\/immunence.com\/es\/#website"},"datePublished":"2020-11-12T14:18:08+00:00","dateModified":"2020-12-11T06:01:17+00:00","description":"Immunence se elabor\u00f3 en base a la ciencia de la nutrici\u00f3n para garantizar que la uni\u00f3n de sus superalimentos maximice la vitalidad y la salud","breadcrumb":{"@id":"https:\/\/immunence.com\/es\/ciencia-de-la-nutricion\/#breadcrumb"},"inLanguage":"es","potentialAction":[{"@type":"ReadAction","target":["https:\/\/immunence.com\/es\/ciencia-de-la-nutricion\/"]}]},{"@type":"BreadcrumbList","@id":"https:\/\/immunence.com\/es\/ciencia-de-la-nutricion\/#breadcrumb","itemListElement":[{"@type":"ListItem","position":1,"name":"Home","item":"https:\/\/immunence.com\/es\/"},{"@type":"ListItem","position":2,"name":"Ciencia de la Nutrici\u00f3n"}]},{"@type":"WebSite","@id":"https:\/\/immunence.com\/es\/#website","url":"https:\/\/immunence.com\/es\/","name":"Immunence","description":"Immense Immune Defence","potentialAction":[{"@type":"SearchAction","target":{"@type":"EntryPoint","urlTemplate":"https:\/\/immunence.com\/es\/?s={search_term_string}"},"query-input":"required name=search_term_string"}],"inLanguage":"es"}]}},"_links":{"self":[{"href":"https:\/\/immunence.com\/es\/wp-json\/wp\/v2\/pages\/460","targetHints":{"allow":["GET"]}}],"collection":[{"href":"https:\/\/immunence.com\/es\/wp-json\/wp\/v2\/pages"}],"about":[{"href":"https:\/\/immunence.com\/es\/wp-json\/wp\/v2\/types\/page"}],"author":[{"embeddable":true,"href":"https:\/\/immunence.com\/es\/wp-json\/wp\/v2\/users\/1"}],"replies":[{"embeddable":true,"href":"https:\/\/immunence.com\/es\/wp-json\/wp\/v2\/comments?post=460"}],"version-history":[{"count":11,"href":"https:\/\/immunence.com\/es\/wp-json\/wp\/v2\/pages\/460\/revisions"}],"predecessor-version":[{"id":1106,"href":"https:\/\/immunence.com\/es\/wp-json\/wp\/v2\/pages\/460\/revisions\/1106"}],"wp:attachment":[{"href":"https:\/\/immunence.com\/es\/wp-json\/wp\/v2\/media?parent=460"}],"curies":[{"name":"wp","href":"https:\/\/api.w.org\/{rel}","templated":true}]}}