{"id":452,"date":"2020-11-12T14:10:03","date_gmt":"2020-11-12T14:10:03","guid":{"rendered":"https:\/\/immunence.com\/es\/?page_id=452"},"modified":"2021-01-18T11:44:42","modified_gmt":"2021-01-18T10:44:42","slug":"politica-de-devolucion","status":"publish","type":"page","link":"https:\/\/immunence.com\/es\/politica-de-devolucion\/","title":{"rendered":"Pol\u00edtica de Devoluci\u00f3n"},"content":{"rendered":"<p>[et_pb_section fb_built=&#8221;1&#8243; _builder_version=&#8221;4.4.3&#8243;][et_pb_row admin_label=&#8221;Header Row&#8221; _builder_version=&#8221;3.25&#8243; locked=&#8221;off&#8221;][et_pb_column type=&#8221;4_4&#8243; _builder_version=&#8221;3.25&#8243; custom_padding=&#8221;|||&#8221; custom_padding__hover=&#8221;|||&#8221;][et_pb_text _builder_version=&#8221;4.4.3&#8243; text_font=&#8221;Open Sans|600|||||||&#8221; text_font_size=&#8221;16px&#8221; text_line_height=&#8221;1.8em&#8221; header_font=&#8221;Oswald|500||on|||||&#8221; header_font_size=&#8221;60px&#8221; header_letter_spacing=&#8221;5px&#8221; header_line_height=&#8221;1.4em&#8221; text_orientation=&#8221;center&#8221; max_width=&#8221;700px&#8221; module_alignment=&#8221;center&#8221;]<\/p>\n<h1>pOL\u00cdTICA DE dEVOLUCI\u00d3N<\/h1>\n<p>[\/et_pb_text][\/et_pb_column][\/et_pb_row][et_pb_row _builder_version=&#8221;4.4.3&#8243;][et_pb_column type=&#8221;4_4&#8243; _builder_version=&#8221;4.4.3&#8243;][et_pb_text _builder_version=&#8221;4.4.3&#8243; text_font=&#8221;Open Sans|600|||||||&#8221; text_font_size=&#8221;16px&#8221; header_font=&#8221;Oswald||||||||&#8221; header_3_font=&#8221;Oswald|600|||||||&#8221; header_3_text_color=&#8221;#333333&#8243; header_3_font_size=&#8221;26px&#8221; header_3_letter_spacing=&#8221;2px&#8221; header_3_line_height=&#8221;1.4em&#8221;]<\/p>\n<p><strong><span>\u00daltima actualizaci\u00f3n julio de 2020<\/span><\/strong>\u00a0<\/p>\n<p><span>Estamos seguros de que Immunence ofrece la mayor calidad posible.<span>\u00a0<\/span>Sin embargo, si por alguna raz\u00f3n no est\u00e1 satisfecho con sus resultados, simplemente devu\u00e9lvanos su paquete dentro de los 60 d\u00edas posteriores a la fecha de compra.\u00a0<\/span><\/p>\n<p><span>Incluso si lo ha usado, le enviaremos un reembolso COMPLETO del precio de compra del producto por todos los paquetes devueltos.\u00a0<\/span><\/p>\n<p><span>Todas las devoluciones deben realizarse dentro de los 60 d\u00edas (a menos que se indique lo contrario en la p\u00e1gina de pedido del producto que compra) a partir de la fecha de compra.\u00a0<\/span><\/p>\n<p><span>No podemos procesar devoluciones de art\u00edculos en liquidaci\u00f3n.<span>\u00a0<\/span>No podemos devolver los gastos de env\u00edo y manipulaci\u00f3n asociados con su compra.<\/span><\/p>\n<p>&nbsp;<\/p>\n<h3>pROCESO DE dEVOLUCI\u00d3N\u00a0<\/h3>\n<p><span>Para devolver un art\u00edculo, col\u00f3quelo de forma segura en su embalaje original y env\u00ede su devoluci\u00f3n por correo a la siguiente direcci\u00f3n:<\/span><\/p>\n<p>Immunence<br \/>Attn: Devoluci\u00f3n<br \/>Calle Muntanyes de Prades 29<br \/>Mas Mestre, Olivella<br \/>08818,<br \/>Barcelona<br \/>Espa\u00f1a<\/p>\n<p>&nbsp;<\/p>\n<h3><strong>REembolso<\/strong>\u00a0<\/h3>\n<p><span>Despu\u00e9s de recibir su devoluci\u00f3n e inspeccionar el estado de su art\u00edculo, procesaremos su devoluci\u00f3n.<span>\u00a0<\/span><\/span><span>Puede haber una demora de al menos 30 d\u00edas desde la recepci\u00f3n de su art\u00edculo hasta completar su devoluci\u00f3n.<\/span><\/p>\n<p>&nbsp;<\/p>\n<h3><strong>EXcepciones\u00a0\u00a0<\/strong>\u00a0\u00a0\u00a0<\/h3>\n<p><span>Para productos defectuosos o da\u00f1ados, comun\u00edquese con<\/span>\u00a0<span><a href=\"mailto:help@immunence.com\">help@immunence.com\u00a0<\/a><\/span><span>para organizar un reembolso o cambio.<\/span><\/p>\n<p>&nbsp;<\/p>\n<h3><strong>Preguntas<\/strong>\u00a0<\/h3>\n<p><span>Si tiene alguna pregunta sobre nuestra pol\u00edtica de devoluciones, cont\u00e1ctenos en:\u00a0<\/span><\/p>\n<p><span><a href=\"mailto:help@immunence.com\">help@immunence.com<\/a><\/span><\/p>\n<p>[\/et_pb_text][\/et_pb_column][\/et_pb_row][\/et_pb_section]<\/p>\n","protected":false},"excerpt":{"rendered":"<p>pOL\u00cdTICA DE dEVOLUCI\u00d3N\u00daltima actualizaci\u00f3n julio de 2020\u00a0 Estamos seguros de que Immunence ofrece la mayor calidad posible.\u00a0Sin embargo, si por alguna raz\u00f3n no est\u00e1 satisfecho con sus resultados, simplemente devu\u00e9lvanos su paquete dentro de los 60 d\u00edas posteriores a la fecha de compra.\u00a0 Incluso si lo ha usado, le enviaremos un reembolso COMPLETO del precio [&hellip;]<\/p>\n","protected":false},"author":1,"featured_media":0,"parent":0,"menu_order":0,"comment_status":"closed","ping_status":"closed","template":"","meta":{"_et_pb_use_builder":"on","_et_pb_old_content":"","_et_gb_content_width":"","footnotes":""},"class_list":["post-452","page","type-page","status-publish","hentry"],"yoast_head":"<!-- This site is optimized with the Yoast SEO plugin v20.8 - https:\/\/yoast.com\/wordpress\/plugins\/seo\/ -->\n<title>Pol\u00edtica de Devoluci\u00f3n - Immunence<\/title>\n<meta name=\"robots\" content=\"index, follow, max-snippet:-1, max-image-preview:large, max-video-preview:-1\" \/>\n<link rel=\"canonical\" href=\"https:\/\/immunence.com\/es\/politica-de-devolucion\/\" \/>\n<meta property=\"og:locale\" content=\"es_ES\" \/>\n<meta property=\"og:type\" content=\"article\" \/>\n<meta property=\"og:title\" content=\"Pol\u00edtica de Devoluci\u00f3n - Immunence\" \/>\n<meta property=\"og:description\" content=\"pOL\u00cdTICA DE dEVOLUCI\u00d3N\u00daltima actualizaci\u00f3n julio de 2020\u00a0 Estamos seguros de que Immunence ofrece la mayor calidad posible.\u00a0Sin embargo, si por alguna raz\u00f3n no est\u00e1 satisfecho con sus resultados, simplemente devu\u00e9lvanos su paquete dentro de los 60 d\u00edas posteriores a la fecha de compra.\u00a0 Incluso si lo ha usado, le enviaremos un reembolso COMPLETO del precio [&hellip;]\" \/>\n<meta property=\"og:url\" content=\"https:\/\/immunence.com\/es\/politica-de-devolucion\/\" \/>\n<meta property=\"og:site_name\" content=\"Immunence\" \/>\n<meta property=\"article:modified_time\" content=\"2021-01-18T10:44:42+00:00\" \/>\n<meta name=\"twitter:card\" content=\"summary_large_image\" \/>\n<meta name=\"twitter:label1\" content=\"Tiempo de lectura\" \/>\n\t<meta name=\"twitter:data1\" content=\"2 minutos\" \/>\n<script type=\"application\/ld+json\" class=\"yoast-schema-graph\">{\"@context\":\"https:\/\/schema.org\",\"@graph\":[{\"@type\":\"WebPage\",\"@id\":\"https:\/\/immunence.com\/es\/politica-de-devolucion\/\",\"url\":\"https:\/\/immunence.com\/es\/politica-de-devolucion\/\",\"name\":\"Pol\u00edtica de Devoluci\u00f3n - Immunence\",\"isPartOf\":{\"@id\":\"https:\/\/immunence.com\/es\/#website\"},\"datePublished\":\"2020-11-12T14:10:03+00:00\",\"dateModified\":\"2021-01-18T10:44:42+00:00\",\"breadcrumb\":{\"@id\":\"https:\/\/immunence.com\/es\/politica-de-devolucion\/#breadcrumb\"},\"inLanguage\":\"es\",\"potentialAction\":[{\"@type\":\"ReadAction\",\"target\":[\"https:\/\/immunence.com\/es\/politica-de-devolucion\/\"]}]},{\"@type\":\"BreadcrumbList\",\"@id\":\"https:\/\/immunence.com\/es\/politica-de-devolucion\/#breadcrumb\",\"itemListElement\":[{\"@type\":\"ListItem\",\"position\":1,\"name\":\"Home\",\"item\":\"https:\/\/immunence.com\/es\/\"},{\"@type\":\"ListItem\",\"position\":2,\"name\":\"Pol\u00edtica de Devoluci\u00f3n\"}]},{\"@type\":\"WebSite\",\"@id\":\"https:\/\/immunence.com\/es\/#website\",\"url\":\"https:\/\/immunence.com\/es\/\",\"name\":\"Immunence\",\"description\":\"Immense Immune Defence\",\"potentialAction\":[{\"@type\":\"SearchAction\",\"target\":{\"@type\":\"EntryPoint\",\"urlTemplate\":\"https:\/\/immunence.com\/es\/?s={search_term_string}\"},\"query-input\":\"required name=search_term_string\"}],\"inLanguage\":\"es\"}]}<\/script>\n<!-- \/ Yoast SEO plugin. -->","yoast_head_json":{"title":"Pol\u00edtica de Devoluci\u00f3n - Immunence","robots":{"index":"index","follow":"follow","max-snippet":"max-snippet:-1","max-image-preview":"max-image-preview:large","max-video-preview":"max-video-preview:-1"},"canonical":"https:\/\/immunence.com\/es\/politica-de-devolucion\/","og_locale":"es_ES","og_type":"article","og_title":"Pol\u00edtica de Devoluci\u00f3n - Immunence","og_description":"pOL\u00cdTICA DE dEVOLUCI\u00d3N\u00daltima actualizaci\u00f3n julio de 2020\u00a0 Estamos seguros de que Immunence ofrece la mayor calidad posible.\u00a0Sin embargo, si por alguna raz\u00f3n no est\u00e1 satisfecho con sus resultados, simplemente devu\u00e9lvanos su paquete dentro de los 60 d\u00edas posteriores a la fecha de compra.\u00a0 Incluso si lo ha usado, le enviaremos un reembolso COMPLETO del precio [&hellip;]","og_url":"https:\/\/immunence.com\/es\/politica-de-devolucion\/","og_site_name":"Immunence","article_modified_time":"2021-01-18T10:44:42+00:00","twitter_card":"summary_large_image","twitter_misc":{"Tiempo de lectura":"2 minutos"},"schema":{"@context":"https:\/\/schema.org","@graph":[{"@type":"WebPage","@id":"https:\/\/immunence.com\/es\/politica-de-devolucion\/","url":"https:\/\/immunence.com\/es\/politica-de-devolucion\/","name":"Pol\u00edtica de Devoluci\u00f3n - Immunence","isPartOf":{"@id":"https:\/\/immunence.com\/es\/#website"},"datePublished":"2020-11-12T14:10:03+00:00","dateModified":"2021-01-18T10:44:42+00:00","breadcrumb":{"@id":"https:\/\/immunence.com\/es\/politica-de-devolucion\/#breadcrumb"},"inLanguage":"es","potentialAction":[{"@type":"ReadAction","target":["https:\/\/immunence.com\/es\/politica-de-devolucion\/"]}]},{"@type":"BreadcrumbList","@id":"https:\/\/immunence.com\/es\/politica-de-devolucion\/#breadcrumb","itemListElement":[{"@type":"ListItem","position":1,"name":"Home","item":"https:\/\/immunence.com\/es\/"},{"@type":"ListItem","position":2,"name":"Pol\u00edtica de Devoluci\u00f3n"}]},{"@type":"WebSite","@id":"https:\/\/immunence.com\/es\/#website","url":"https:\/\/immunence.com\/es\/","name":"Immunence","description":"Immense Immune Defence","potentialAction":[{"@type":"SearchAction","target":{"@type":"EntryPoint","urlTemplate":"https:\/\/immunence.com\/es\/?s={search_term_string}"},"query-input":"required name=search_term_string"}],"inLanguage":"es"}]}},"_links":{"self":[{"href":"https:\/\/immunence.com\/es\/wp-json\/wp\/v2\/pages\/452","targetHints":{"allow":["GET"]}}],"collection":[{"href":"https:\/\/immunence.com\/es\/wp-json\/wp\/v2\/pages"}],"about":[{"href":"https:\/\/immunence.com\/es\/wp-json\/wp\/v2\/types\/page"}],"author":[{"embeddable":true,"href":"https:\/\/immunence.com\/es\/wp-json\/wp\/v2\/users\/1"}],"replies":[{"embeddable":true,"href":"https:\/\/immunence.com\/es\/wp-json\/wp\/v2\/comments?post=452"}],"version-history":[{"count":3,"href":"https:\/\/immunence.com\/es\/wp-json\/wp\/v2\/pages\/452\/revisions"}],"predecessor-version":[{"id":1223,"href":"https:\/\/immunence.com\/es\/wp-json\/wp\/v2\/pages\/452\/revisions\/1223"}],"wp:attachment":[{"href":"https:\/\/immunence.com\/es\/wp-json\/wp\/v2\/media?parent=452"}],"curies":[{"name":"wp","href":"https:\/\/api.w.org\/{rel}","templated":true}]}}